{"id":1768,"date":"2023-08-04T08:57:33","date_gmt":"2023-08-04T06:57:33","guid":{"rendered":"https:\/\/www.luxorr.lu\/ueber\/"},"modified":"2025-11-01T13:06:58","modified_gmt":"2025-11-01T12:06:58","slug":"ueber","status":"publish","type":"page","link":"https:\/\/www.luxorr.lu\/de\/ueber\/","title":{"rendered":"\u00dcber uns"},"content":{"rendered":"\t\t<div data-elementor-type=\"wp-page\" data-elementor-id=\"1768\" class=\"elementor elementor-1768 elementor-28\" data-elementor-post-type=\"page\">\n\t\t\t\t<div class=\"elementor-element elementor-element-542bed2a e-con-full e-flex e-con e-parent\" data-id=\"542bed2a\" data-element_type=\"container\" data-settings=\"{&quot;background_background&quot;:&quot;classic&quot;}\">\n\t\t\t\t<\/div>\n\t\t<div class=\"elementor-element elementor-element-51350117 e-con-full e-flex e-con e-parent\" data-id=\"51350117\" data-element_type=\"container\">\n\t\t<div class=\"elementor-element elementor-element-2e9c9df e-con-full e-flex e-con e-child\" data-id=\"2e9c9df\" data-element_type=\"container\" data-settings=\"{&quot;background_background&quot;:&quot;classic&quot;}\">\n\t\t\t\t<div class=\"elementor-element elementor-element-62f950c0 elementor-widget elementor-widget-heading\" data-id=\"62f950c0\" data-element_type=\"widget\" data-widget_type=\"heading.default\">\n\t\t\t\t<div class=\"elementor-widget-container\">\n\t\t\t\t\t<h2 class=\"elementor-heading-title elementor-size-default\">Luxembourg Organization for Reproduction Rights<\/h2>\t\t\t\t<\/div>\n\t\t\t\t<\/div>\n\t\t\t\t<div class=\"elementor-element elementor-element-b76b5c5 elementor-widget-divider--view-line elementor-widget elementor-widget-divider\" data-id=\"b76b5c5\" data-element_type=\"widget\" data-widget_type=\"divider.default\">\n\t\t\t\t<div class=\"elementor-widget-container\">\n\t\t\t\t\t\t\t<div class=\"elementor-divider\">\n\t\t\t<span class=\"elementor-divider-separator\">\n\t\t\t\t\t\t<\/span>\n\t\t<\/div>\n\t\t\t\t\t\t<\/div>\n\t\t\t\t<\/div>\n\t\t<div class=\"elementor-element elementor-element-303b9acd e-flex e-con-boxed e-con e-child\" data-id=\"303b9acd\" data-element_type=\"container\">\n\t\t\t\t\t<div class=\"e-con-inner\">\n\t\t<div class=\"elementor-element elementor-element-2be648a9 e-con-full e-flex e-con e-child\" data-id=\"2be648a9\" data-element_type=\"container\">\n\t\t\t\t<div class=\"elementor-element elementor-element-3ee64a63 elementor-widget elementor-widget-heading\" data-id=\"3ee64a63\" data-element_type=\"widget\" data-widget_type=\"heading.default\">\n\t\t\t\t<div class=\"elementor-widget-container\">\n\t\t\t\t\t<h3 class=\"elementor-heading-title elementor-size-default\">\u00dcber Luxorr<\/h3>\t\t\t\t<\/div>\n\t\t\t\t<\/div>\n\t\t\t\t<\/div>\n\t\t<div class=\"elementor-element elementor-element-7db4522f e-flex e-con-boxed e-con e-child\" data-id=\"7db4522f\" data-element_type=\"container\">\n\t\t\t\t\t<div class=\"e-con-inner\">\n\t\t\t\t<div class=\"elementor-element elementor-element-3fda197f elementor-widget elementor-widget-text-editor\" data-id=\"3fda197f\" data-element_type=\"widget\" data-widget_type=\"text-editor.default\">\n\t\t\t\t<div class=\"elementor-widget-container\">\n\t\t\t\t\t\t\t\t\t<p>Luxorr (Luxembourg Organization for Reproduction Rights) ist ein Verein, der vom Wirtschaftsminister des Gro\u00dfherzogtums Luxemburg autorisiert wurde, um <strong>im Namen ihrer Mitglieder, die Urheber und Verleger sind, bestimmte Urheberrechte kollektiv wahrzunehmen<\/strong> im Zusammenhang mit gesch\u00fctzten Text- und Bildwerken (B\u00fccher, Pressever\u00f6ffentlichungen \u2026), einschlie\u00dflich des Vervielf\u00e4ltigungsrechts und der Bibliothekstantieme.<\/p>\t\t\t\t\t\t\t\t<\/div>\n\t\t\t\t<\/div>\n\t\t\t\t\t<\/div>\n\t\t\t\t<\/div>\n\t\t\t\t\t<\/div>\n\t\t\t\t<\/div>\n\t\t\t\t<div class=\"elementor-element elementor-element-2906dd9b elementor-widget-divider--view-line elementor-widget elementor-widget-divider\" data-id=\"2906dd9b\" data-element_type=\"widget\" data-widget_type=\"divider.default\">\n\t\t\t\t<div class=\"elementor-widget-container\">\n\t\t\t\t\t\t\t<div class=\"elementor-divider\">\n\t\t\t<span class=\"elementor-divider-separator\">\n\t\t\t\t\t\t<\/span>\n\t\t<\/div>\n\t\t\t\t\t\t<\/div>\n\t\t\t\t<\/div>\n\t\t\t\t<\/div>\n\t\t\t\t<\/div>\n\t\t<div class=\"elementor-element elementor-element-3178987 e-con-full e-flex e-con e-parent\" data-id=\"3178987\" data-element_type=\"container\">\n\t\t<div class=\"elementor-element elementor-element-af6b73e e-con-full e-flex e-con e-child\" data-id=\"af6b73e\" data-element_type=\"container\" data-settings=\"{&quot;background_background&quot;:&quot;classic&quot;}\">\n\t\t\t\t<div class=\"elementor-element elementor-element-3c615d4 elementor-widget elementor-widget-heading\" data-id=\"3c615d4\" data-element_type=\"widget\" data-widget_type=\"heading.default\">\n\t\t\t\t<div class=\"elementor-widget-container\">\n\t\t\t\t\t<h2 class=\"elementor-heading-title elementor-size-default\">F\u00fcr Autoren und\/oder Verleger<\/h2>\t\t\t\t<\/div>\n\t\t\t\t<\/div>\n\t\t\t\t<div class=\"elementor-element elementor-element-e95a531 elementor-widget elementor-widget-text-editor\" data-id=\"e95a531\" data-element_type=\"widget\" data-widget_type=\"text-editor.default\">\n\t\t\t\t<div class=\"elementor-widget-container\">\n\t\t\t\t\t\t\t\t\t<p>Wenn Sie <strong>Autor<\/strong> und\/oder <strong>Verleger<\/strong> sind, k\u00f6nnen Sie <strong>Vollmitglied<\/strong> von Luxorr werden und so an der Verteilung der Einnahmen teilnehmen, die in Luxemburg und im Ausland als Gegenleistung f\u00fcr die Nutzung Ihrer Werke gesammelt werden.<\/p>\t\t\t\t\t\t\t\t<\/div>\n\t\t\t\t<\/div>\n\t\t\t\t<\/div>\n\t\t<div class=\"elementor-element elementor-element-123eab4 e-con-full e-flex e-con e-child\" data-id=\"123eab4\" data-element_type=\"container\" data-settings=\"{&quot;background_background&quot;:&quot;classic&quot;}\">\n\t\t\t\t<div class=\"elementor-element elementor-element-241f9a0 elementor-widget elementor-widget-heading\" data-id=\"241f9a0\" data-element_type=\"widget\" data-widget_type=\"heading.default\">\n\t\t\t\t<div class=\"elementor-widget-container\">\n\t\t\t\t\t<h2 class=\"elementor-heading-title elementor-size-default\">F\u00fcr die Nutzer<\/h2>\t\t\t\t<\/div>\n\t\t\t\t<\/div>\n\t\t\t\t<div class=\"elementor-element elementor-element-2733df9 elementor-widget elementor-widget-text-editor\" data-id=\"2733df9\" data-element_type=\"widget\" data-widget_type=\"text-editor.default\">\n\t\t\t\t<div class=\"elementor-widget-container\">\n\t\t\t\t\t\t\t\t\t<p>Wenn Sie gesch\u00fctzte Werke <strong>nutzen<\/strong>, z. B. in einem privaten oder \u00f6ffentlichen Unternehmen, sind Sie gesetzlich verpflichtet, Luxorr um eine Genehmigung<strong>(Lizenz<\/strong>) zu bitten. Diese Verpflichtung ist f\u00fcr zahlreiche Verwendungszwecke erforderlich, sei es analog (Fotokopien&#8230;), digital (Digitalisierung, Verbreitung \u00fcber Intranet, Extranet, Internet, soziale Netzwerke&#8230;) oder anderweitig (Ausleihe in Bibliotheken\/Mediatheken&#8230;).<\/p>\t\t\t\t\t\t\t\t<\/div>\n\t\t\t\t<\/div>\n\t\t\t\t<\/div>\n\t\t\t\t<\/div>\n\t\t<div class=\"elementor-element elementor-element-04374af e-con-full e-flex e-con e-parent\" data-id=\"04374af\" data-element_type=\"container\">\n\t\t<div class=\"elementor-element elementor-element-bb5197c e-con-full e-flex e-con e-child\" data-id=\"bb5197c\" data-element_type=\"container\" data-settings=\"{&quot;background_background&quot;:&quot;classic&quot;}\">\n\t\t<div class=\"elementor-element elementor-element-c285c5f e-flex e-con-boxed e-con e-child\" data-id=\"c285c5f\" data-element_type=\"container\">\n\t\t\t\t\t<div class=\"e-con-inner\">\n\t\t<div class=\"elementor-element elementor-element-050c2f7 e-flex e-con-boxed e-con e-child\" data-id=\"050c2f7\" data-element_type=\"container\">\n\t\t\t\t\t<div class=\"e-con-inner\">\n\t\t\t\t<div class=\"elementor-element elementor-element-4b37378 elementor-widget elementor-widget-text-editor\" data-id=\"4b37378\" data-element_type=\"widget\" data-widget_type=\"text-editor.default\">\n\t\t\t\t<div class=\"elementor-widget-container\">\n\t\t\t\t\t\t\t\t\t<p>\u00dcber die Vergabe von Lizenzen f\u00fcr die Nutzung gesch\u00fctzter Werke hinaus \u00fcbernimmt Luxorr die Aufgabe, die <strong>\u00d6ffentlichkeit im Interesse des Urheberrechts<\/strong> <strong>zu informieren und zu sensibilisieren<\/strong>.<\/p><p>Schlie\u00dflich ist Luxorr gesetzlich verpflichtet, die <strong>Kultur zu f\u00f6rdern<\/strong>.<\/p>\t\t\t\t\t\t\t\t<\/div>\n\t\t\t\t<\/div>\n\t\t\t\t\t<\/div>\n\t\t\t\t<\/div>\n\t\t\t\t\t<\/div>\n\t\t\t\t<\/div>\n\t\t\t\t<\/div>\n\t\t\t\t<\/div>\n\t\t<div class=\"elementor-element elementor-element-aa04ac6 e-con-full e-flex e-con e-parent\" data-id=\"aa04ac6\" data-element_type=\"container\">\n\t\t<div class=\"elementor-element elementor-element-df4876d e-con-full e-flex e-con e-child\" data-id=\"df4876d\" data-element_type=\"container\" data-settings=\"{&quot;background_background&quot;:&quot;classic&quot;}\">\n\t\t<div class=\"elementor-element elementor-element-421c226 e-flex e-con-boxed e-con e-child\" data-id=\"421c226\" data-element_type=\"container\">\n\t\t\t\t\t<div class=\"e-con-inner\">\n\t\t<div class=\"elementor-element elementor-element-95c49a1 e-flex e-con-boxed e-con e-child\" data-id=\"95c49a1\" data-element_type=\"container\">\n\t\t\t\t\t<div class=\"e-con-inner\">\n\t\t\t\t<div class=\"elementor-element elementor-element-49ae211 elementor-widget elementor-widget-text-editor\" data-id=\"49ae211\" data-element_type=\"widget\" data-widget_type=\"text-editor.default\">\n\t\t\t\t<div class=\"elementor-widget-container\">\n\t\t\t\t\t\t\t\t\t<p>Luxembourg Organization For Reproduction Rights<br>Verein ohne Erwerbszweck<br>Organismus f\u00fcr die kollektive Wahrnehmung von Urheberrechten R.C.S. Luxemburg F366<br>Ministerielle Genehmigung vom 28. Juli 2024<\/p>\t\t\t\t\t\t\t\t<\/div>\n\t\t\t\t<\/div>\n\t\t\t\t\t<\/div>\n\t\t\t\t<\/div>\n\t\t\t\t\t<\/div>\n\t\t\t\t<\/div>\n\t\t\t\t<\/div>\n\t\t\t\t<\/div>\n\t\t<div class=\"elementor-element elementor-element-29a97840 e-con-full e-flex e-con e-parent\" data-id=\"29a97840\" data-element_type=\"container\" data-settings=\"{&quot;background_background&quot;:&quot;classic&quot;}\">\n\t\t<div class=\"elementor-element elementor-element-443761c3 e-flex e-con-boxed e-con e-child\" data-id=\"443761c3\" data-element_type=\"container\">\n\t\t\t\t\t<div class=\"e-con-inner\">\n\t\t<div class=\"elementor-element elementor-element-7e232626 e-flex e-con-boxed e-con e-child\" data-id=\"7e232626\" data-element_type=\"container\">\n\t\t\t\t\t<div class=\"e-con-inner\">\n\t\t\t\t<div class=\"elementor-element elementor-element-5fe6bb3a elementor-widget elementor-widget-image\" data-id=\"5fe6bb3a\" data-element_type=\"widget\" data-settings=\"{&quot;_animation&quot;:&quot;none&quot;}\" data-widget_type=\"image.default\">\n\t\t\t\t<div class=\"elementor-widget-container\">\n\t\t\t\t\t\t\t\t\t\t\t\t\t\t\t<img fetchpriority=\"high\" decoding=\"async\" width=\"633\" height=\"494\" src=\"https:\/\/www.luxorr.lu\/wp-content\/uploads\/2023\/08\/Luxorr-BG.png\" class=\"attachment-large size-large wp-image-1491\" alt=\"\" srcset=\"https:\/\/www.luxorr.lu\/wp-content\/uploads\/2023\/08\/Luxorr-BG.png 633w, https:\/\/www.luxorr.lu\/wp-content\/uploads\/2023\/08\/Luxorr-BG-300x234.png 300w\" sizes=\"(max-width: 633px) 100vw, 633px\" \/>\t\t\t\t\t\t\t\t\t\t\t\t\t\t\t<\/div>\n\t\t\t\t<\/div>\n\t\t\t\t\t<\/div>\n\t\t\t\t<\/div>\n\t\t<div class=\"elementor-element elementor-element-8682f08 e-flex e-con-boxed e-con e-child\" data-id=\"8682f08\" data-element_type=\"container\">\n\t\t\t\t\t<div class=\"e-con-inner\">\n\t\t\t\t<div class=\"elementor-element elementor-element-772b1176 elementor-widget elementor-widget-heading\" data-id=\"772b1176\" data-element_type=\"widget\" data-widget_type=\"heading.default\">\n\t\t\t\t<div class=\"elementor-widget-container\">\n\t\t\t\t\t<h2 class=\"elementor-heading-title elementor-size-default\">M\u00f6chten Sie mehr \u00fcber unsere Expertise erfahren?<\/h2>\t\t\t\t<\/div>\n\t\t\t\t<\/div>\n\t\t\t\t<div class=\"elementor-element elementor-element-270fa98d elementor-widget elementor-widget-text-editor\" data-id=\"270fa98d\" data-element_type=\"widget\" data-widget_type=\"text-editor.default\">\n\t\t\t\t<div class=\"elementor-widget-container\">\n\t\t\t\t\t\t\t\t\t<div class=\"elementor-element elementor-element-c8f3a70 elementor-widget elementor-widget-text-editor\" data-id=\"c8f3a70\" data-element_type=\"widget\" data-widget_type=\"text-editor.default\"><div class=\"elementor-widget-container\"><p>Schicken Sie uns eine Nachricht!<\/p><p>Unser Team freut sich darauf, Ihnen so schnell wie m\u00f6glich zu antworten.<\/p><\/div><\/div>\t\t\t\t\t\t\t\t<\/div>\n\t\t\t\t<\/div>\n\t\t\t\t<div class=\"elementor-element elementor-element-6f491d48 elementor-align-left elementor-widget elementor-widget-button\" data-id=\"6f491d48\" data-element_type=\"widget\" data-widget_type=\"button.default\">\n\t\t\t\t<div class=\"elementor-widget-container\">\n\t\t\t\t\t\t\t\t\t<div class=\"elementor-button-wrapper\">\n\t\t\t\t\t<a class=\"elementor-button elementor-button-link elementor-size-sm\" href=\"https:\/\/www.luxorr.lu\/de\/kontakt\/\">\n\t\t\t\t\t\t<span class=\"elementor-button-content-wrapper\">\n\t\t\t\t\t\t<span class=\"elementor-button-icon\">\n\t\t\t\t<svg aria-hidden=\"true\" class=\"e-font-icon-svg e-fas-arrow-right\" viewBox=\"0 0 448 512\" xmlns=\"http:\/\/www.w3.org\/2000\/svg\"><path d=\"M190.5 66.9l22.2-22.2c9.4-9.4 24.6-9.4 33.9 0L441 239c9.4 9.4 9.4 24.6 0 33.9L246.6 467.3c-9.4 9.4-24.6 9.4-33.9 0l-22.2-22.2c-9.5-9.5-9.3-25 .4-34.3L311.4 296H24c-13.3 0-24-10.7-24-24v-32c0-13.3 10.7-24 24-24h287.4L190.9 101.2c-9.8-9.3-10-24.8-.4-34.3z\"><\/path><\/svg>\t\t\t<\/span>\n\t\t\t\t\t\t\t\t\t<span class=\"elementor-button-text\">Kontaktieren Sie uns<\/span>\n\t\t\t\t\t<\/span>\n\t\t\t\t\t<\/a>\n\t\t\t\t<\/div>\n\t\t\t\t\t\t\t\t<\/div>\n\t\t\t\t<\/div>\n\t\t\t\t\t<\/div>\n\t\t\t\t<\/div>\n\t\t\t\t\t<\/div>\n\t\t\t\t<\/div>\n\t\t\t\t<\/div>\n\t\t\t\t<\/div>\n\t\t","protected":false},"excerpt":{"rendered":"<p>Luxembourg Organization for Reproduction Rights \u00dcber Luxorr Luxorr (Luxembourg Organization for Reproduction Rights) ist ein Verein, der vom Wirtschaftsminister des Gro\u00dfherzogtums Luxemburg autorisiert wurde, um im Namen ihrer Mitglieder, die Urheber und Verleger sind, bestimmte Urheberrechte kollektiv wahrzunehmen im Zusammenhang mit gesch\u00fctzten Text- und Bildwerken (B\u00fccher, Pressever\u00f6ffentlichungen \u2026), einschlie\u00dflich des Vervielf\u00e4ltigungsrechts und der Bibliothekstantieme. F\u00fcr [&hellip;]<\/p>\n","protected":false},"author":1,"featured_media":0,"parent":0,"menu_order":0,"comment_status":"closed","ping_status":"closed","template":"","meta":{"footnotes":""},"class_list":["post-1768","page","type-page","status-publish","hentry"],"yoast_head":"<!-- This site is optimized with the Yoast SEO plugin v26.3 - https:\/\/yoast.com\/wordpress\/plugins\/seo\/ -->\n<title>\u00dcber uns - Luxorr<\/title>\n<meta name=\"description\" content=\"Erfahren Sie mehr \u00fcber Luxorr ASBL und sein Engagement f\u00fcr den geistigen Schutz und die Kultur im Gro\u00dfherzogtum Luxemburg.\" \/>\n<meta name=\"robots\" content=\"index, follow, max-snippet:-1, max-image-preview:large, max-video-preview:-1\" \/>\n<link rel=\"canonical\" href=\"https:\/\/www.luxorr.lu\/de\/ueber\/\" \/>\n<meta property=\"og:locale\" content=\"de_DE\" \/>\n<meta property=\"og:type\" content=\"article\" \/>\n<meta property=\"og:title\" content=\"\u00dcber uns - Luxorr\" \/>\n<meta property=\"og:description\" content=\"Erfahren Sie mehr \u00fcber Luxorr ASBL und sein Engagement f\u00fcr den geistigen Schutz und die Kultur im Gro\u00dfherzogtum Luxemburg.\" \/>\n<meta property=\"og:url\" content=\"https:\/\/www.luxorr.lu\/de\/ueber\/\" \/>\n<meta property=\"og:site_name\" content=\"Luxorr\" \/>\n<meta property=\"article:modified_time\" content=\"2025-11-01T12:06:58+00:00\" \/>\n<meta property=\"og:image\" content=\"https:\/\/www.luxorr.lu\/wp-content\/uploads\/2023\/08\/Luxorr-BG.png\" \/>\n\t<meta property=\"og:image:width\" content=\"633\" \/>\n\t<meta property=\"og:image:height\" content=\"494\" \/>\n\t<meta property=\"og:image:type\" content=\"image\/png\" \/>\n<meta name=\"twitter:card\" content=\"summary_large_image\" \/>\n<meta name=\"twitter:label1\" content=\"Gesch\u00e4tzte Lesezeit\" \/>\n\t<meta name=\"twitter:data1\" content=\"1\u00a0Minute\" \/>\n<script type=\"application\/ld+json\" class=\"yoast-schema-graph\">{\"@context\":\"https:\/\/schema.org\",\"@graph\":[{\"@type\":\"WebPage\",\"@id\":\"https:\/\/www.luxorr.lu\/de\/ueber\/\",\"url\":\"https:\/\/www.luxorr.lu\/de\/ueber\/\",\"name\":\"\u00dcber uns - Luxorr\",\"isPartOf\":{\"@id\":\"https:\/\/www.luxorr.lu\/de\/#website\"},\"primaryImageOfPage\":{\"@id\":\"https:\/\/www.luxorr.lu\/de\/ueber\/#primaryimage\"},\"image\":{\"@id\":\"https:\/\/www.luxorr.lu\/de\/ueber\/#primaryimage\"},\"thumbnailUrl\":\"https:\/\/www.luxorr.lu\/wp-content\/uploads\/2023\/08\/Luxorr-BG.png\",\"datePublished\":\"2023-08-04T06:57:33+00:00\",\"dateModified\":\"2025-11-01T12:06:58+00:00\",\"description\":\"Erfahren Sie mehr \u00fcber Luxorr ASBL und sein Engagement f\u00fcr den geistigen Schutz und die Kultur im Gro\u00dfherzogtum Luxemburg.\",\"breadcrumb\":{\"@id\":\"https:\/\/www.luxorr.lu\/de\/ueber\/#breadcrumb\"},\"inLanguage\":\"de\",\"potentialAction\":[{\"@type\":\"ReadAction\",\"target\":[\"https:\/\/www.luxorr.lu\/de\/ueber\/\"]}]},{\"@type\":\"ImageObject\",\"inLanguage\":\"de\",\"@id\":\"https:\/\/www.luxorr.lu\/de\/ueber\/#primaryimage\",\"url\":\"https:\/\/www.luxorr.lu\/wp-content\/uploads\/2023\/08\/Luxorr-BG.png\",\"contentUrl\":\"https:\/\/www.luxorr.lu\/wp-content\/uploads\/2023\/08\/Luxorr-BG.png\"},{\"@type\":\"BreadcrumbList\",\"@id\":\"https:\/\/www.luxorr.lu\/de\/ueber\/#breadcrumb\",\"itemListElement\":[{\"@type\":\"ListItem\",\"position\":1,\"name\":\"Accueil\",\"item\":\"https:\/\/www.luxorr.lu\/de\/homepage\/\"},{\"@type\":\"ListItem\",\"position\":2,\"name\":\"\u00dcber uns\"}]},{\"@type\":\"WebSite\",\"@id\":\"https:\/\/www.luxorr.lu\/de\/#website\",\"url\":\"https:\/\/www.luxorr.lu\/de\/\",\"name\":\"Luxorr\",\"description\":\"Luxembourg Organization For Reproduction Rights - ASBL\",\"publisher\":{\"@id\":\"https:\/\/www.luxorr.lu\/de\/#organization\"},\"potentialAction\":[{\"@type\":\"SearchAction\",\"target\":{\"@type\":\"EntryPoint\",\"urlTemplate\":\"https:\/\/www.luxorr.lu\/de\/?s={search_term_string}\"},\"query-input\":{\"@type\":\"PropertyValueSpecification\",\"valueRequired\":true,\"valueName\":\"search_term_string\"}}],\"inLanguage\":\"de\"},{\"@type\":\"Organization\",\"@id\":\"https:\/\/www.luxorr.lu\/de\/#organization\",\"name\":\"Luxorr\",\"url\":\"https:\/\/www.luxorr.lu\/de\/\",\"logo\":{\"@type\":\"ImageObject\",\"inLanguage\":\"de\",\"@id\":\"https:\/\/www.luxorr.lu\/de\/#\/schema\/logo\/image\/\",\"url\":\"https:\/\/www.luxorr.lu\/wp-content\/uploads\/2023\/08\/Luxorr-Logo.svg\",\"contentUrl\":\"https:\/\/www.luxorr.lu\/wp-content\/uploads\/2023\/08\/Luxorr-Logo.svg\",\"width\":327,\"height\":83,\"caption\":\"Luxorr\"},\"image\":{\"@id\":\"https:\/\/www.luxorr.lu\/de\/#\/schema\/logo\/image\/\"}}]}<\/script>\n<!-- \/ Yoast SEO plugin. -->","yoast_head_json":{"title":"\u00dcber uns - Luxorr","description":"Erfahren Sie mehr \u00fcber Luxorr ASBL und sein Engagement f\u00fcr den geistigen Schutz und die Kultur im Gro\u00dfherzogtum Luxemburg.","robots":{"index":"index","follow":"follow","max-snippet":"max-snippet:-1","max-image-preview":"max-image-preview:large","max-video-preview":"max-video-preview:-1"},"canonical":"https:\/\/www.luxorr.lu\/de\/ueber\/","og_locale":"de_DE","og_type":"article","og_title":"\u00dcber uns - Luxorr","og_description":"Erfahren Sie mehr \u00fcber Luxorr ASBL und sein Engagement f\u00fcr den geistigen Schutz und die Kultur im Gro\u00dfherzogtum Luxemburg.","og_url":"https:\/\/www.luxorr.lu\/de\/ueber\/","og_site_name":"Luxorr","article_modified_time":"2025-11-01T12:06:58+00:00","og_image":[{"width":633,"height":494,"url":"https:\/\/www.luxorr.lu\/wp-content\/uploads\/2023\/08\/Luxorr-BG.png","type":"image\/png"}],"twitter_card":"summary_large_image","twitter_misc":{"Gesch\u00e4tzte Lesezeit":"1\u00a0Minute"},"schema":{"@context":"https:\/\/schema.org","@graph":[{"@type":"WebPage","@id":"https:\/\/www.luxorr.lu\/de\/ueber\/","url":"https:\/\/www.luxorr.lu\/de\/ueber\/","name":"\u00dcber uns - Luxorr","isPartOf":{"@id":"https:\/\/www.luxorr.lu\/de\/#website"},"primaryImageOfPage":{"@id":"https:\/\/www.luxorr.lu\/de\/ueber\/#primaryimage"},"image":{"@id":"https:\/\/www.luxorr.lu\/de\/ueber\/#primaryimage"},"thumbnailUrl":"https:\/\/www.luxorr.lu\/wp-content\/uploads\/2023\/08\/Luxorr-BG.png","datePublished":"2023-08-04T06:57:33+00:00","dateModified":"2025-11-01T12:06:58+00:00","description":"Erfahren Sie mehr \u00fcber Luxorr ASBL und sein Engagement f\u00fcr den geistigen Schutz und die Kultur im Gro\u00dfherzogtum Luxemburg.","breadcrumb":{"@id":"https:\/\/www.luxorr.lu\/de\/ueber\/#breadcrumb"},"inLanguage":"de","potentialAction":[{"@type":"ReadAction","target":["https:\/\/www.luxorr.lu\/de\/ueber\/"]}]},{"@type":"ImageObject","inLanguage":"de","@id":"https:\/\/www.luxorr.lu\/de\/ueber\/#primaryimage","url":"https:\/\/www.luxorr.lu\/wp-content\/uploads\/2023\/08\/Luxorr-BG.png","contentUrl":"https:\/\/www.luxorr.lu\/wp-content\/uploads\/2023\/08\/Luxorr-BG.png"},{"@type":"BreadcrumbList","@id":"https:\/\/www.luxorr.lu\/de\/ueber\/#breadcrumb","itemListElement":[{"@type":"ListItem","position":1,"name":"Accueil","item":"https:\/\/www.luxorr.lu\/de\/homepage\/"},{"@type":"ListItem","position":2,"name":"\u00dcber uns"}]},{"@type":"WebSite","@id":"https:\/\/www.luxorr.lu\/de\/#website","url":"https:\/\/www.luxorr.lu\/de\/","name":"Luxorr","description":"Luxembourg Organization For Reproduction Rights - ASBL","publisher":{"@id":"https:\/\/www.luxorr.lu\/de\/#organization"},"potentialAction":[{"@type":"SearchAction","target":{"@type":"EntryPoint","urlTemplate":"https:\/\/www.luxorr.lu\/de\/?s={search_term_string}"},"query-input":{"@type":"PropertyValueSpecification","valueRequired":true,"valueName":"search_term_string"}}],"inLanguage":"de"},{"@type":"Organization","@id":"https:\/\/www.luxorr.lu\/de\/#organization","name":"Luxorr","url":"https:\/\/www.luxorr.lu\/de\/","logo":{"@type":"ImageObject","inLanguage":"de","@id":"https:\/\/www.luxorr.lu\/de\/#\/schema\/logo\/image\/","url":"https:\/\/www.luxorr.lu\/wp-content\/uploads\/2023\/08\/Luxorr-Logo.svg","contentUrl":"https:\/\/www.luxorr.lu\/wp-content\/uploads\/2023\/08\/Luxorr-Logo.svg","width":327,"height":83,"caption":"Luxorr"},"image":{"@id":"https:\/\/www.luxorr.lu\/de\/#\/schema\/logo\/image\/"}}]}},"_links":{"self":[{"href":"https:\/\/www.luxorr.lu\/de\/wp-json\/wp\/v2\/pages\/1768","targetHints":{"allow":["GET"]}}],"collection":[{"href":"https:\/\/www.luxorr.lu\/de\/wp-json\/wp\/v2\/pages"}],"about":[{"href":"https:\/\/www.luxorr.lu\/de\/wp-json\/wp\/v2\/types\/page"}],"author":[{"embeddable":true,"href":"https:\/\/www.luxorr.lu\/de\/wp-json\/wp\/v2\/users\/1"}],"replies":[{"embeddable":true,"href":"https:\/\/www.luxorr.lu\/de\/wp-json\/wp\/v2\/comments?post=1768"}],"version-history":[{"count":4,"href":"https:\/\/www.luxorr.lu\/de\/wp-json\/wp\/v2\/pages\/1768\/revisions"}],"predecessor-version":[{"id":2154,"href":"https:\/\/www.luxorr.lu\/de\/wp-json\/wp\/v2\/pages\/1768\/revisions\/2154"}],"wp:attachment":[{"href":"https:\/\/www.luxorr.lu\/de\/wp-json\/wp\/v2\/media?parent=1768"}],"curies":[{"name":"wp","href":"https:\/\/api.w.org\/{rel}","templated":true}]}}