{"id":1722,"date":"2023-08-04T08:57:09","date_gmt":"2023-08-04T06:57:09","guid":{"rendered":"https:\/\/www.luxorr.lu\/dienste\/kulturelle-foerderung\/"},"modified":"2023-12-16T20:13:16","modified_gmt":"2023-12-16T18:13:16","slug":"kulturelle-foerderung","status":"publish","type":"page","link":"https:\/\/www.luxorr.lu\/de\/dienste\/kulturelle-foerderung\/","title":{"rendered":"Kulturelle F\u00f6rderung"},"content":{"rendered":"\t\t<div data-elementor-type=\"wp-page\" data-elementor-id=\"1722\" class=\"elementor elementor-1722 elementor-24\" data-elementor-post-type=\"page\">\n\t\t\t\t<div class=\"elementor-element elementor-element-9e189b7 e-con-full e-flex e-con e-parent\" data-id=\"9e189b7\" data-element_type=\"container\" data-settings=\"{&quot;background_background&quot;:&quot;classic&quot;}\">\n\t\t\t\t<\/div>\n\t\t<div class=\"elementor-element elementor-element-84c3bd5 e-con-full e-flex e-con e-parent\" data-id=\"84c3bd5\" data-element_type=\"container\">\n\t\t<div class=\"elementor-element elementor-element-56cfd4b e-con-full e-flex e-con e-child\" data-id=\"56cfd4b\" data-element_type=\"container\" data-settings=\"{&quot;background_background&quot;:&quot;classic&quot;}\">\n\t\t\t\t<div class=\"elementor-element elementor-element-d88bbc6 elementor-widget-divider--view-line elementor-widget elementor-widget-divider\" data-id=\"d88bbc6\" data-element_type=\"widget\" data-widget_type=\"divider.default\">\n\t\t\t\t<div class=\"elementor-widget-container\">\n\t\t\t\t\t\t\t<div class=\"elementor-divider\">\n\t\t\t<span class=\"elementor-divider-separator\">\n\t\t\t\t\t\t<\/span>\n\t\t<\/div>\n\t\t\t\t\t\t<\/div>\n\t\t\t\t<\/div>\n\t\t<div class=\"elementor-element elementor-element-271dc88 e-flex e-con-boxed e-con e-child\" data-id=\"271dc88\" data-element_type=\"container\">\n\t\t\t\t\t<div class=\"e-con-inner\">\n\t\t<div class=\"elementor-element elementor-element-4c23616 e-con-full e-flex e-con e-child\" data-id=\"4c23616\" data-element_type=\"container\">\n\t\t\t\t<div class=\"elementor-element elementor-element-ce746d4 elementor-widget elementor-widget-heading\" data-id=\"ce746d4\" data-element_type=\"widget\" data-widget_type=\"heading.default\">\n\t\t\t\t<div class=\"elementor-widget-container\">\n\t\t\t\t\t<h2 class=\"elementor-heading-title elementor-size-default\">Globale Definition<\/h2>\t\t\t\t<\/div>\n\t\t\t\t<\/div>\n\t\t\t\t<\/div>\n\t\t<div class=\"elementor-element elementor-element-c565968 e-flex e-con-boxed e-con e-child\" data-id=\"c565968\" data-element_type=\"container\">\n\t\t\t\t\t<div class=\"e-con-inner\">\n\t\t\t\t<div class=\"elementor-element elementor-element-b8a4b96 elementor-widget elementor-widget-text-editor\" data-id=\"b8a4b96\" data-element_type=\"widget\" data-widget_type=\"text-editor.default\">\n\t\t\t\t<div class=\"elementor-widget-container\">\n\t\t\t\t\t\t\t\t\t<p>Nach luxemburgischem Recht sind Verwertungsgesellschaften wie Luxorr verpflichtet, einen Teil der von ihnen eingenommenen Tantiemen im Interesse der <strong>Kulturf\u00f6rderung<\/strong> zu investieren. Luxorr verfolgt dieses vorrangige Ziel, indem es alle Akteure f\u00fcr die Bedeutung der Einhaltung des Urheberrechts sensibilisiert, da dieses die moralische und materielle Grundlage f\u00fcr Kreative darstellt.<\/p>\n\t\t\t\t\t\t\t\t<\/div>\n\t\t\t\t<\/div>\n\t\t\t\t\t<\/div>\n\t\t\t\t<\/div>\n\t\t\t\t\t<\/div>\n\t\t\t\t<\/div>\n\t\t\t\t<div class=\"elementor-element elementor-element-dd7e934 elementor-widget-divider--view-line elementor-widget elementor-widget-divider\" data-id=\"dd7e934\" data-element_type=\"widget\" data-widget_type=\"divider.default\">\n\t\t\t\t<div class=\"elementor-widget-container\">\n\t\t\t\t\t\t\t<div class=\"elementor-divider\">\n\t\t\t<span class=\"elementor-divider-separator\">\n\t\t\t\t\t\t<\/span>\n\t\t<\/div>\n\t\t\t\t\t\t<\/div>\n\t\t\t\t<\/div>\n\t\t\t\t<\/div>\n\t\t\t\t<\/div>\n\t\t<div class=\"elementor-element elementor-element-d65a90f e-con-full e-flex e-con e-parent\" data-id=\"d65a90f\" data-element_type=\"container\" data-settings=\"{&quot;background_background&quot;:&quot;classic&quot;}\">\n\t\t<div class=\"elementor-element elementor-element-3addc65 e-con-full e-flex e-con e-child\" data-id=\"3addc65\" data-element_type=\"container\">\n\t\t\t\t<div class=\"elementor-element elementor-element-bf69ca7 elementor-widget elementor-widget-text-editor\" data-id=\"bf69ca7\" data-element_type=\"widget\" data-widget_type=\"text-editor.default\">\n\t\t\t\t<div class=\"elementor-widget-container\">\n\t\t\t\t\t\t\t\t\t<p>Die von Luxorr im Rahmen der Kulturf\u00f6rderung gew\u00e4hrte Unterst\u00fctzung steht allen Projekten offen, die einen direkten Bezug zu Werken der Schriftstellerei und\/oder Fotografie haben. Die Autoren und\/oder Herausgeber m\u00fcssen zwingend Mitglieder von Luxorr sein.<\/p>\n<\/p>\n<p>So m\u00fcssen die von Luxorr finanzierten Ma\u00dfnahmen schriftliche Werke (Presse oder Buch) aufwerten, an ihrer Entwicklung mitwirken und die Anerkennung der Interessen ihrer Autoren und Verleger f\u00f6rdern.<\/p>\n<\/p>\n<p>Um eine F\u00f6rderung im Rahmen der Kulturf\u00f6rderung zu erhalten, muss ein Autor und\/oder Verleger:<\/p>\n<ol>\n<li>Luxorr-Mitgliedschaft besitzen<\/li>\n<li>Stellen Sie eine detaillierte Beschreibung des Projekts sowie des angestrebten Ziels bereit.<\/li>\n<li>Angeben, ob andere Personen am Erstellungsprozess beteiligt sind<\/li>\n<li>Einen vorl\u00e4ufigen und detaillierten Finanzplan vorlegen<\/li>\n<li>Geben Sie an, ob andere Organisationen um Unterst\u00fctzung f\u00fcr das Projekt ersucht werden<\/li>\n<li>Stellen Sie weitere zus\u00e4tzliche Informationen bereit, die f\u00fcr die Unterst\u00fctzung des Projekts relevant sind.<\/li>\n<\/ol>\n<p>Jeder Antrag auf Unterst\u00fctzung im Rahmen der Kulturf\u00f6rderung wird vom Verwaltungsrat gepr\u00fcft und bewilligt.<\/p>\n<p>Keine der Hilfen darf automatisch verl\u00e4ngert werden.<\/p>\n\t\t\t\t\t\t\t\t<\/div>\n\t\t\t\t<\/div>\n\t\t\t\t<\/div>\n\t\t\t\t<\/div>\n\t\t<div class=\"elementor-element elementor-element-e40aea9 e-con-full e-flex e-con e-parent\" data-id=\"e40aea9\" data-element_type=\"container\" data-settings=\"{&quot;background_background&quot;:&quot;classic&quot;}\">\n\t\t<div class=\"elementor-element elementor-element-fbc670e e-flex e-con-boxed e-con e-child\" data-id=\"fbc670e\" data-element_type=\"container\">\n\t\t\t\t\t<div class=\"e-con-inner\">\n\t\t<div class=\"elementor-element elementor-element-d44abd9 e-flex e-con-boxed e-con e-child\" data-id=\"d44abd9\" data-element_type=\"container\">\n\t\t\t\t\t<div class=\"e-con-inner\">\n\t\t\t\t<div class=\"elementor-element elementor-element-63b40e9 elementor-widget elementor-widget-image\" data-id=\"63b40e9\" data-element_type=\"widget\" data-settings=\"{&quot;_animation&quot;:&quot;none&quot;}\" data-widget_type=\"image.default\">\n\t\t\t\t<div class=\"elementor-widget-container\">\n\t\t\t\t\t\t\t\t\t\t\t\t\t\t\t<img fetchpriority=\"high\" decoding=\"async\" width=\"633\" height=\"494\" src=\"https:\/\/www.luxorr.lu\/wp-content\/uploads\/2023\/08\/Luxorr-BG.png\" class=\"attachment-large size-large wp-image-1491\" alt=\"\" srcset=\"https:\/\/www.luxorr.lu\/wp-content\/uploads\/2023\/08\/Luxorr-BG.png 633w, https:\/\/www.luxorr.lu\/wp-content\/uploads\/2023\/08\/Luxorr-BG-300x234.png 300w\" sizes=\"(max-width: 633px) 100vw, 633px\" \/>\t\t\t\t\t\t\t\t\t\t\t\t\t\t\t<\/div>\n\t\t\t\t<\/div>\n\t\t\t\t\t<\/div>\n\t\t\t\t<\/div>\n\t\t<div class=\"elementor-element elementor-element-2217af2 e-flex e-con-boxed e-con e-child\" data-id=\"2217af2\" data-element_type=\"container\">\n\t\t\t\t\t<div class=\"e-con-inner\">\n\t\t\t\t<div class=\"elementor-element elementor-element-b0cb3de elementor-widget elementor-widget-heading\" data-id=\"b0cb3de\" data-element_type=\"widget\" data-widget_type=\"heading.default\">\n\t\t\t\t<div class=\"elementor-widget-container\">\n\t\t\t\t\t<h2 class=\"elementor-heading-title elementor-size-default\">M\u00f6chten Sie mehr Informationen \u00fcber die Kulturf\u00f6rderung?<\/h2>\t\t\t\t<\/div>\n\t\t\t\t<\/div>\n\t\t\t\t<div class=\"elementor-element elementor-element-4740a5a elementor-widget elementor-widget-text-editor\" data-id=\"4740a5a\" data-element_type=\"widget\" data-widget_type=\"text-editor.default\">\n\t\t\t\t<div class=\"elementor-widget-container\">\n\t\t\t\t\t\t\t\t\t<div class=\"elementor-element elementor-element-c8f3a70 elementor-widget elementor-widget-text-editor\" data-id=\"c8f3a70\" data-element_type=\"widget\" data-widget_type=\"text-editor.default\">\n<div class=\"elementor-widget-container\">\n<p>Schicken Sie uns eine Nachricht!<\/p>\n<p>Unser Team freut sich darauf, Ihnen so schnell wie m\u00f6glich zu antworten.<\/p>\n<\/div>\n<\/div>\n\t\t\t\t\t\t\t\t<\/div>\n\t\t\t\t<\/div>\n\t\t\t\t<div class=\"elementor-element elementor-element-8ef992f elementor-align-left elementor-widget elementor-widget-button\" data-id=\"8ef992f\" data-element_type=\"widget\" data-widget_type=\"button.default\">\n\t\t\t\t<div class=\"elementor-widget-container\">\n\t\t\t\t\t\t\t\t\t<div class=\"elementor-button-wrapper\">\n\t\t\t\t\t<a class=\"elementor-button elementor-button-link elementor-size-sm\" href=\"https:\/\/www.luxorr.lu\/de\/kontakt\/\">\n\t\t\t\t\t\t<span class=\"elementor-button-content-wrapper\">\n\t\t\t\t\t\t<span class=\"elementor-button-icon\">\n\t\t\t\t<svg aria-hidden=\"true\" class=\"e-font-icon-svg e-fas-arrow-right\" viewBox=\"0 0 448 512\" xmlns=\"http:\/\/www.w3.org\/2000\/svg\"><path d=\"M190.5 66.9l22.2-22.2c9.4-9.4 24.6-9.4 33.9 0L441 239c9.4 9.4 9.4 24.6 0 33.9L246.6 467.3c-9.4 9.4-24.6 9.4-33.9 0l-22.2-22.2c-9.5-9.5-9.3-25 .4-34.3L311.4 296H24c-13.3 0-24-10.7-24-24v-32c0-13.3 10.7-24 24-24h287.4L190.9 101.2c-9.8-9.3-10-24.8-.4-34.3z\"><\/path><\/svg>\t\t\t<\/span>\n\t\t\t\t\t\t\t\t\t<span class=\"elementor-button-text\">Kontaktieren Sie uns<\/span>\n\t\t\t\t\t<\/span>\n\t\t\t\t\t<\/a>\n\t\t\t\t<\/div>\n\t\t\t\t\t\t\t\t<\/div>\n\t\t\t\t<\/div>\n\t\t\t\t\t<\/div>\n\t\t\t\t<\/div>\n\t\t\t\t\t<\/div>\n\t\t\t\t<\/div>\n\t\t\t\t<\/div>\n\t\t\t\t<\/div>\n\t\t","protected":false},"excerpt":{"rendered":"<p>Globale Definition Nach luxemburgischem Recht sind Verwertungsgesellschaften wie Luxorr verpflichtet, einen Teil der von ihnen eingenommenen Tantiemen im Interesse der Kulturf\u00f6rderung zu investieren. Luxorr verfolgt dieses vorrangige Ziel, indem es alle Akteure f\u00fcr die Bedeutung der Einhaltung des Urheberrechts sensibilisiert, da dieses die moralische und materielle Grundlage f\u00fcr Kreative darstellt. Die von Luxorr im Rahmen [&hellip;]<\/p>\n","protected":false},"author":1,"featured_media":0,"parent":1662,"menu_order":0,"comment_status":"closed","ping_status":"closed","template":"","meta":{"footnotes":""},"class_list":["post-1722","page","type-page","status-publish","hentry"],"yoast_head":"<!-- This site is optimized with the Yoast SEO plugin v26.3 - https:\/\/yoast.com\/wordpress\/plugins\/seo\/ -->\n<title>Kulturelle F\u00f6rderung - Luxorr<\/title>\n<meta name=\"description\" content=\"Nach luxemburgischem Recht sind Verwertungsgesellschaften wie Luxorr verpflichtet, einen Teil der von ihnen eingenommenen Tantiemen im Interesse der Kulturf\u00f6rderung zu investieren.\" \/>\n<meta name=\"robots\" content=\"index, follow, max-snippet:-1, max-image-preview:large, max-video-preview:-1\" \/>\n<link rel=\"canonical\" href=\"https:\/\/www.luxorr.lu\/de\/dienste\/kulturelle-foerderung\/\" \/>\n<meta property=\"og:locale\" content=\"de_DE\" \/>\n<meta property=\"og:type\" content=\"article\" \/>\n<meta property=\"og:title\" content=\"Kulturelle F\u00f6rderung - Luxorr\" \/>\n<meta property=\"og:description\" content=\"Nach luxemburgischem Recht sind Verwertungsgesellschaften wie Luxorr verpflichtet, einen Teil der von ihnen eingenommenen Tantiemen im Interesse der Kulturf\u00f6rderung zu investieren.\" \/>\n<meta property=\"og:url\" content=\"https:\/\/www.luxorr.lu\/de\/dienste\/kulturelle-foerderung\/\" \/>\n<meta property=\"og:site_name\" content=\"Luxorr\" \/>\n<meta property=\"article:modified_time\" content=\"2023-12-16T18:13:16+00:00\" \/>\n<meta property=\"og:image\" content=\"https:\/\/www.luxorr.lu\/wp-content\/uploads\/2023\/08\/Luxorr-BG.png\" \/>\n<meta name=\"twitter:card\" content=\"summary_large_image\" \/>\n<meta name=\"twitter:label1\" content=\"Gesch\u00e4tzte Lesezeit\" \/>\n\t<meta name=\"twitter:data1\" content=\"1\u00a0Minute\" \/>\n<script type=\"application\/ld+json\" class=\"yoast-schema-graph\">{\"@context\":\"https:\/\/schema.org\",\"@graph\":[{\"@type\":\"WebPage\",\"@id\":\"https:\/\/www.luxorr.lu\/de\/dienste\/kulturelle-foerderung\/\",\"url\":\"https:\/\/www.luxorr.lu\/de\/dienste\/kulturelle-foerderung\/\",\"name\":\"Kulturelle F\u00f6rderung - Luxorr\",\"isPartOf\":{\"@id\":\"https:\/\/www.luxorr.lu\/de\/#website\"},\"primaryImageOfPage\":{\"@id\":\"https:\/\/www.luxorr.lu\/de\/dienste\/kulturelle-foerderung\/#primaryimage\"},\"image\":{\"@id\":\"https:\/\/www.luxorr.lu\/de\/dienste\/kulturelle-foerderung\/#primaryimage\"},\"thumbnailUrl\":\"https:\/\/www.luxorr.lu\/wp-content\/uploads\/2023\/08\/Luxorr-BG.png\",\"datePublished\":\"2023-08-04T06:57:09+00:00\",\"dateModified\":\"2023-12-16T18:13:16+00:00\",\"description\":\"Nach luxemburgischem Recht sind Verwertungsgesellschaften wie Luxorr verpflichtet, einen Teil der von ihnen eingenommenen Tantiemen im Interesse der Kulturf\u00f6rderung zu investieren.\",\"breadcrumb\":{\"@id\":\"https:\/\/www.luxorr.lu\/de\/dienste\/kulturelle-foerderung\/#breadcrumb\"},\"inLanguage\":\"de\",\"potentialAction\":[{\"@type\":\"ReadAction\",\"target\":[\"https:\/\/www.luxorr.lu\/de\/dienste\/kulturelle-foerderung\/\"]}]},{\"@type\":\"ImageObject\",\"inLanguage\":\"de\",\"@id\":\"https:\/\/www.luxorr.lu\/de\/dienste\/kulturelle-foerderung\/#primaryimage\",\"url\":\"https:\/\/www.luxorr.lu\/wp-content\/uploads\/2023\/08\/Luxorr-BG.png\",\"contentUrl\":\"https:\/\/www.luxorr.lu\/wp-content\/uploads\/2023\/08\/Luxorr-BG.png\"},{\"@type\":\"BreadcrumbList\",\"@id\":\"https:\/\/www.luxorr.lu\/de\/dienste\/kulturelle-foerderung\/#breadcrumb\",\"itemListElement\":[{\"@type\":\"ListItem\",\"position\":1,\"name\":\"Accueil\",\"item\":\"https:\/\/www.luxorr.lu\/de\/homepage\/\"},{\"@type\":\"ListItem\",\"position\":2,\"name\":\"Dienste\",\"item\":\"https:\/\/www.luxorr.lu\/de\/dienste\/\"},{\"@type\":\"ListItem\",\"position\":3,\"name\":\"Kulturelle F\u00f6rderung\"}]},{\"@type\":\"WebSite\",\"@id\":\"https:\/\/www.luxorr.lu\/de\/#website\",\"url\":\"https:\/\/www.luxorr.lu\/de\/\",\"name\":\"Luxorr\",\"description\":\"Luxembourg Organization For Reproduction Rights - ASBL\",\"publisher\":{\"@id\":\"https:\/\/www.luxorr.lu\/de\/#organization\"},\"potentialAction\":[{\"@type\":\"SearchAction\",\"target\":{\"@type\":\"EntryPoint\",\"urlTemplate\":\"https:\/\/www.luxorr.lu\/de\/?s={search_term_string}\"},\"query-input\":{\"@type\":\"PropertyValueSpecification\",\"valueRequired\":true,\"valueName\":\"search_term_string\"}}],\"inLanguage\":\"de\"},{\"@type\":\"Organization\",\"@id\":\"https:\/\/www.luxorr.lu\/de\/#organization\",\"name\":\"Luxorr\",\"url\":\"https:\/\/www.luxorr.lu\/de\/\",\"logo\":{\"@type\":\"ImageObject\",\"inLanguage\":\"de\",\"@id\":\"https:\/\/www.luxorr.lu\/de\/#\/schema\/logo\/image\/\",\"url\":\"https:\/\/www.luxorr.lu\/wp-content\/uploads\/2023\/08\/Luxorr-Logo.svg\",\"contentUrl\":\"https:\/\/www.luxorr.lu\/wp-content\/uploads\/2023\/08\/Luxorr-Logo.svg\",\"width\":327,\"height\":83,\"caption\":\"Luxorr\"},\"image\":{\"@id\":\"https:\/\/www.luxorr.lu\/de\/#\/schema\/logo\/image\/\"}}]}<\/script>\n<!-- \/ Yoast SEO plugin. -->","yoast_head_json":{"title":"Kulturelle F\u00f6rderung - Luxorr","description":"Nach luxemburgischem Recht sind Verwertungsgesellschaften wie Luxorr verpflichtet, einen Teil der von ihnen eingenommenen Tantiemen im Interesse der Kulturf\u00f6rderung zu investieren.","robots":{"index":"index","follow":"follow","max-snippet":"max-snippet:-1","max-image-preview":"max-image-preview:large","max-video-preview":"max-video-preview:-1"},"canonical":"https:\/\/www.luxorr.lu\/de\/dienste\/kulturelle-foerderung\/","og_locale":"de_DE","og_type":"article","og_title":"Kulturelle F\u00f6rderung - Luxorr","og_description":"Nach luxemburgischem Recht sind Verwertungsgesellschaften wie Luxorr verpflichtet, einen Teil der von ihnen eingenommenen Tantiemen im Interesse der Kulturf\u00f6rderung zu investieren.","og_url":"https:\/\/www.luxorr.lu\/de\/dienste\/kulturelle-foerderung\/","og_site_name":"Luxorr","article_modified_time":"2023-12-16T18:13:16+00:00","og_image":[{"url":"https:\/\/www.luxorr.lu\/wp-content\/uploads\/2023\/08\/Luxorr-BG.png","type":"","width":"","height":""}],"twitter_card":"summary_large_image","twitter_misc":{"Gesch\u00e4tzte Lesezeit":"1\u00a0Minute"},"schema":{"@context":"https:\/\/schema.org","@graph":[{"@type":"WebPage","@id":"https:\/\/www.luxorr.lu\/de\/dienste\/kulturelle-foerderung\/","url":"https:\/\/www.luxorr.lu\/de\/dienste\/kulturelle-foerderung\/","name":"Kulturelle F\u00f6rderung - Luxorr","isPartOf":{"@id":"https:\/\/www.luxorr.lu\/de\/#website"},"primaryImageOfPage":{"@id":"https:\/\/www.luxorr.lu\/de\/dienste\/kulturelle-foerderung\/#primaryimage"},"image":{"@id":"https:\/\/www.luxorr.lu\/de\/dienste\/kulturelle-foerderung\/#primaryimage"},"thumbnailUrl":"https:\/\/www.luxorr.lu\/wp-content\/uploads\/2023\/08\/Luxorr-BG.png","datePublished":"2023-08-04T06:57:09+00:00","dateModified":"2023-12-16T18:13:16+00:00","description":"Nach luxemburgischem Recht sind Verwertungsgesellschaften wie Luxorr verpflichtet, einen Teil der von ihnen eingenommenen Tantiemen im Interesse der Kulturf\u00f6rderung zu investieren.","breadcrumb":{"@id":"https:\/\/www.luxorr.lu\/de\/dienste\/kulturelle-foerderung\/#breadcrumb"},"inLanguage":"de","potentialAction":[{"@type":"ReadAction","target":["https:\/\/www.luxorr.lu\/de\/dienste\/kulturelle-foerderung\/"]}]},{"@type":"ImageObject","inLanguage":"de","@id":"https:\/\/www.luxorr.lu\/de\/dienste\/kulturelle-foerderung\/#primaryimage","url":"https:\/\/www.luxorr.lu\/wp-content\/uploads\/2023\/08\/Luxorr-BG.png","contentUrl":"https:\/\/www.luxorr.lu\/wp-content\/uploads\/2023\/08\/Luxorr-BG.png"},{"@type":"BreadcrumbList","@id":"https:\/\/www.luxorr.lu\/de\/dienste\/kulturelle-foerderung\/#breadcrumb","itemListElement":[{"@type":"ListItem","position":1,"name":"Accueil","item":"https:\/\/www.luxorr.lu\/de\/homepage\/"},{"@type":"ListItem","position":2,"name":"Dienste","item":"https:\/\/www.luxorr.lu\/de\/dienste\/"},{"@type":"ListItem","position":3,"name":"Kulturelle F\u00f6rderung"}]},{"@type":"WebSite","@id":"https:\/\/www.luxorr.lu\/de\/#website","url":"https:\/\/www.luxorr.lu\/de\/","name":"Luxorr","description":"Luxembourg Organization For Reproduction Rights - ASBL","publisher":{"@id":"https:\/\/www.luxorr.lu\/de\/#organization"},"potentialAction":[{"@type":"SearchAction","target":{"@type":"EntryPoint","urlTemplate":"https:\/\/www.luxorr.lu\/de\/?s={search_term_string}"},"query-input":{"@type":"PropertyValueSpecification","valueRequired":true,"valueName":"search_term_string"}}],"inLanguage":"de"},{"@type":"Organization","@id":"https:\/\/www.luxorr.lu\/de\/#organization","name":"Luxorr","url":"https:\/\/www.luxorr.lu\/de\/","logo":{"@type":"ImageObject","inLanguage":"de","@id":"https:\/\/www.luxorr.lu\/de\/#\/schema\/logo\/image\/","url":"https:\/\/www.luxorr.lu\/wp-content\/uploads\/2023\/08\/Luxorr-Logo.svg","contentUrl":"https:\/\/www.luxorr.lu\/wp-content\/uploads\/2023\/08\/Luxorr-Logo.svg","width":327,"height":83,"caption":"Luxorr"},"image":{"@id":"https:\/\/www.luxorr.lu\/de\/#\/schema\/logo\/image\/"}}]}},"_links":{"self":[{"href":"https:\/\/www.luxorr.lu\/de\/wp-json\/wp\/v2\/pages\/1722","targetHints":{"allow":["GET"]}}],"collection":[{"href":"https:\/\/www.luxorr.lu\/de\/wp-json\/wp\/v2\/pages"}],"about":[{"href":"https:\/\/www.luxorr.lu\/de\/wp-json\/wp\/v2\/types\/page"}],"author":[{"embeddable":true,"href":"https:\/\/www.luxorr.lu\/de\/wp-json\/wp\/v2\/users\/1"}],"replies":[{"embeddable":true,"href":"https:\/\/www.luxorr.lu\/de\/wp-json\/wp\/v2\/comments?post=1722"}],"version-history":[{"count":3,"href":"https:\/\/www.luxorr.lu\/de\/wp-json\/wp\/v2\/pages\/1722\/revisions"}],"predecessor-version":[{"id":1734,"href":"https:\/\/www.luxorr.lu\/de\/wp-json\/wp\/v2\/pages\/1722\/revisions\/1734"}],"up":[{"embeddable":true,"href":"https:\/\/www.luxorr.lu\/de\/wp-json\/wp\/v2\/pages\/1662"}],"wp:attachment":[{"href":"https:\/\/www.luxorr.lu\/de\/wp-json\/wp\/v2\/media?parent=1722"}],"curies":[{"name":"wp","href":"https:\/\/api.w.org\/{rel}","templated":true}]}}