{"id":1681,"date":"2023-08-04T08:57:24","date_gmt":"2023-08-04T06:57:24","guid":{"rendered":"https:\/\/www.luxorr.lu\/dienste\/sammeln-verteilen\/"},"modified":"2023-12-16T20:12:59","modified_gmt":"2023-12-16T18:12:59","slug":"sammeln-verteilen","status":"publish","type":"page","link":"https:\/\/www.luxorr.lu\/de\/dienste\/sammeln-verteilen\/","title":{"rendered":"Sammeln \/ Verteilen"},"content":{"rendered":"\t\t<div data-elementor-type=\"wp-page\" data-elementor-id=\"1681\" class=\"elementor elementor-1681 elementor-26\" data-elementor-post-type=\"page\">\n\t\t\t\t<div class=\"elementor-element elementor-element-14fe1912 e-con-full e-flex e-con e-parent\" data-id=\"14fe1912\" data-element_type=\"container\" data-settings=\"{&quot;background_background&quot;:&quot;classic&quot;}\">\n\t\t\t\t<\/div>\n\t\t<div class=\"elementor-element elementor-element-6a16d972 e-con-full e-flex e-con e-parent\" data-id=\"6a16d972\" data-element_type=\"container\">\n\t\t<div class=\"elementor-element elementor-element-1453860b e-con-full e-flex e-con e-child\" data-id=\"1453860b\" data-element_type=\"container\" data-settings=\"{&quot;background_background&quot;:&quot;classic&quot;}\">\n\t\t\t\t<div class=\"elementor-element elementor-element-22c4d723 elementor-widget-divider--view-line elementor-widget elementor-widget-divider\" data-id=\"22c4d723\" data-element_type=\"widget\" data-widget_type=\"divider.default\">\n\t\t\t\t<div class=\"elementor-widget-container\">\n\t\t\t\t\t\t\t<div class=\"elementor-divider\">\n\t\t\t<span class=\"elementor-divider-separator\">\n\t\t\t\t\t\t<\/span>\n\t\t<\/div>\n\t\t\t\t\t\t<\/div>\n\t\t\t\t<\/div>\n\t\t<div class=\"elementor-element elementor-element-75034c1 e-flex e-con-boxed e-con e-child\" data-id=\"75034c1\" data-element_type=\"container\">\n\t\t\t\t\t<div class=\"e-con-inner\">\n\t\t<div class=\"elementor-element elementor-element-a206e48 e-con-full e-flex e-con e-child\" data-id=\"a206e48\" data-element_type=\"container\">\n\t\t\t\t<div class=\"elementor-element elementor-element-f61b47d elementor-widget elementor-widget-heading\" data-id=\"f61b47d\" data-element_type=\"widget\" data-widget_type=\"heading.default\">\n\t\t\t\t<div class=\"elementor-widget-container\">\n\t\t\t\t\t<h2 class=\"elementor-heading-title elementor-size-default\">Globale Definition<\/h2>\t\t\t\t<\/div>\n\t\t\t\t<\/div>\n\t\t\t\t<\/div>\n\t\t<div class=\"elementor-element elementor-element-f1f5b5f e-flex e-con-boxed e-con e-child\" data-id=\"f1f5b5f\" data-element_type=\"container\">\n\t\t\t\t\t<div class=\"e-con-inner\">\n\t\t\t\t<div class=\"elementor-element elementor-element-5e82878a elementor-widget elementor-widget-text-editor\" data-id=\"5e82878a\" data-element_type=\"widget\" data-widget_type=\"text-editor.default\">\n\t\t\t\t<div class=\"elementor-widget-container\">\n\t\t\t\t\t\t\t\t\t<p>Luxorr \u00fcbernimmt die Aufgabe, die Tantiemen und Rechte, die durch urheberrechtlich gesch\u00fctzte Werke entstehen, zu sammeln und an die Inhaber dieser Rechte weiterzugeben.<\/p>\n\t\t\t\t\t\t\t\t<\/div>\n\t\t\t\t<\/div>\n\t\t\t\t\t<\/div>\n\t\t\t\t<\/div>\n\t\t\t\t\t<\/div>\n\t\t\t\t<\/div>\n\t\t\t\t<div class=\"elementor-element elementor-element-362a3685 elementor-widget-divider--view-line elementor-widget elementor-widget-divider\" data-id=\"362a3685\" data-element_type=\"widget\" data-widget_type=\"divider.default\">\n\t\t\t\t<div class=\"elementor-widget-container\">\n\t\t\t\t\t\t\t<div class=\"elementor-divider\">\n\t\t\t<span class=\"elementor-divider-separator\">\n\t\t\t\t\t\t<\/span>\n\t\t<\/div>\n\t\t\t\t\t\t<\/div>\n\t\t\t\t<\/div>\n\t\t<div class=\"elementor-element elementor-element-3c006095 e-flex e-con-boxed e-con e-child\" data-id=\"3c006095\" data-element_type=\"container\">\n\t\t\t\t\t<div class=\"e-con-inner\">\n\t\t<div class=\"elementor-element elementor-element-122c49dd e-con-full e-flex e-con e-child\" data-id=\"122c49dd\" data-element_type=\"container\">\n\t\t\t\t<div class=\"elementor-element elementor-element-56cfeb08 elementor-widget elementor-widget-heading\" data-id=\"56cfeb08\" data-element_type=\"widget\" data-widget_type=\"heading.default\">\n\t\t\t\t<div class=\"elementor-widget-container\">\n\t\t\t\t\t<h2 class=\"elementor-heading-title elementor-size-default\">Sammeln und Verteilen<\/h2>\t\t\t\t<\/div>\n\t\t\t\t<\/div>\n\t\t\t\t<\/div>\n\t\t<div class=\"elementor-element elementor-element-72603852 e-flex e-con-boxed e-con e-child\" data-id=\"72603852\" data-element_type=\"container\">\n\t\t\t\t\t<div class=\"e-con-inner\">\n\t\t\t\t<div class=\"elementor-element elementor-element-480c09b7 elementor-widget elementor-widget-text-editor\" data-id=\"480c09b7\" data-element_type=\"widget\" data-widget_type=\"text-editor.default\">\n\t\t\t\t<div class=\"elementor-widget-container\">\n\t\t\t\t\t\t\t\t\t<p>Als Gegenleistung f\u00fcr die Lizenzen zur Nutzung von Rechten, die Luxorr den Nutzern erteilt, sammelt sie Geb\u00fchren, die sie nach den folgenden allgemeinen Regeln an luxemburgische und ausl\u00e4ndische Rechteinhaber verteilt.<\/p>\n<\/p>\n<p>Nach der Aufteilung der Sammlung, die haupts\u00e4chlich zu gleichen Teilen an die Rechteinhaber erfolgt, verteilt sie die zu verteilenden Betr\u00e4ge auf der Grundlage der verf\u00fcgbaren Informationen (Nutzererkl\u00e4rungen, statistische Daten &#8230;). Um ein H\u00f6chstma\u00df an Transparenz und Schnelligkeit bei der Rechteverwaltung zu gew\u00e4hrleisten, hat Luxorr ein Werkregister konzipiert, das die Identifizierung und den direkten Online-Erwerb von Nutzungsrechten an Werken erm\u00f6glicht, f\u00fcr die Luxorr ein Verwaltungsmandat von den Rechteinhabern erhalten hat.<\/p>\n\t\t\t\t\t\t\t\t<\/div>\n\t\t\t\t<\/div>\n\t\t\t\t\t<\/div>\n\t\t\t\t<\/div>\n\t\t\t\t\t<\/div>\n\t\t\t\t<\/div>\n\t\t\t\t<div class=\"elementor-element elementor-element-70d3c96 elementor-widget-divider--view-line elementor-widget elementor-widget-divider\" data-id=\"70d3c96\" data-element_type=\"widget\" data-widget_type=\"divider.default\">\n\t\t\t\t<div class=\"elementor-widget-container\">\n\t\t\t\t\t\t\t<div class=\"elementor-divider\">\n\t\t\t<span class=\"elementor-divider-separator\">\n\t\t\t\t\t\t<\/span>\n\t\t<\/div>\n\t\t\t\t\t\t<\/div>\n\t\t\t\t<\/div>\n\t\t\t\t<\/div>\n\t\t\t\t<\/div>\n\t\t<div class=\"elementor-element elementor-element-d012e8f elementor-hidden-desktop elementor-hidden-tablet elementor-hidden-mobile e-flex e-con-boxed e-con e-parent\" data-id=\"d012e8f\" data-element_type=\"container\" data-settings=\"{&quot;background_background&quot;:&quot;classic&quot;}\">\n\t\t\t\t\t<div class=\"e-con-inner\">\n\t\t\t\t<div class=\"elementor-element elementor-element-8245893 elementor-widget elementor-widget-heading\" data-id=\"8245893\" data-element_type=\"widget\" data-widget_type=\"heading.default\">\n\t\t\t\t<div class=\"elementor-widget-container\">\n\t\t\t\t\t<h2 class=\"elementor-heading-title elementor-size-default\">Grafik<\/h2>\t\t\t\t<\/div>\n\t\t\t\t<\/div>\n\t\t\t\t<div class=\"elementor-element elementor-element-bb691c9 elementor-widget elementor-widget-image\" data-id=\"bb691c9\" data-element_type=\"widget\" data-widget_type=\"image.default\">\n\t\t\t\t<div class=\"elementor-widget-container\">\n\t\t\t\t\t\t\t\t\t\t\t\t\t\t\t<img decoding=\"async\" data-src=\"https:\/\/www.luxorr.lu\/wp-content\/plugins\/elementor\/assets\/images\/placeholder.png\" title=\"\" alt=\"\" src=\"data:image\/svg+xml;base64,PHN2ZyB3aWR0aD0iMSIgaGVpZ2h0PSIxIiB4bWxucz0iaHR0cDovL3d3dy53My5vcmcvMjAwMC9zdmciPjwvc3ZnPg==\" class=\"lazyload\" style=\"--smush-placeholder-width: 1200px; --smush-placeholder-aspect-ratio: 1200\/800;\" \/>\t\t\t\t\t\t\t\t\t\t\t\t\t\t\t<\/div>\n\t\t\t\t<\/div>\n\t\t\t\t\t<\/div>\n\t\t\t\t<\/div>\n\t\t<div class=\"elementor-element elementor-element-5c5c8c64 e-con-full e-flex e-con e-parent\" data-id=\"5c5c8c64\" data-element_type=\"container\">\n\t\t<div class=\"elementor-element elementor-element-385c28f4 e-con-full e-flex e-con e-child\" data-id=\"385c28f4\" data-element_type=\"container\" data-settings=\"{&quot;background_background&quot;:&quot;classic&quot;}\">\n\t\t\t\t<div class=\"elementor-element elementor-element-131ae19d elementor-widget elementor-widget-heading\" data-id=\"131ae19d\" data-element_type=\"widget\" data-widget_type=\"heading.default\">\n\t\t\t\t<div class=\"elementor-widget-container\">\n\t\t\t\t\t<h2 class=\"elementor-heading-title elementor-size-default\">Sammlungen und Verteilung durch Luxorr<\/h2>\t\t\t\t<\/div>\n\t\t\t\t<\/div>\n\t\t\t\t<\/div>\n\t\t\t\t<\/div>\n\t\t<div class=\"elementor-element elementor-element-787ac796 e-con-full e-flex e-con e-parent\" data-id=\"787ac796\" data-element_type=\"container\">\n\t\t<div class=\"elementor-element elementor-element-5db9e769 e-con-full e-flex e-con e-child\" data-id=\"5db9e769\" data-element_type=\"container\" data-settings=\"{&quot;background_background&quot;:&quot;classic&quot;}\">\n\t\t\t\t<div class=\"elementor-element elementor-element-59938a66 elementor-widget elementor-widget-heading\" data-id=\"59938a66\" data-element_type=\"widget\" data-widget_type=\"heading.default\">\n\t\t\t\t<div class=\"elementor-widget-container\">\n\t\t\t\t\t<h3 class=\"elementor-heading-title elementor-size-default\">Verwaltungsgeb\u00fchren<\/h3>\t\t\t\t<\/div>\n\t\t\t\t<\/div>\n\t\t\t\t<div class=\"elementor-element elementor-element-3f7facbc elementor-widget elementor-widget-text-editor\" data-id=\"3f7facbc\" data-element_type=\"widget\" data-widget_type=\"text-editor.default\">\n\t\t\t\t<div class=\"elementor-widget-container\">\n\t\t\t\t\t\t\t\t\t<p>Die <strong>Verwaltungskosten<\/strong>, die Luxorr zur Erf\u00fcllung seiner Aufgaben ben\u00f6tigt, sind auf ein absolutes Minimum beschr\u00e4nkt. Sie sind umso geringer, je digitaler die Rechteverwaltung wird. Zu diesem Zweck informiert und sensibilisiert sie alle Akteure, sowohl die Rechteinhaber selbst als auch die Nutzer von Rechten.<\/p>\n\t\t\t\t\t\t\t\t<\/div>\n\t\t\t\t<\/div>\n\t\t\t\t<\/div>\n\t\t<div class=\"elementor-element elementor-element-56513513 e-con-full e-flex e-con e-child\" data-id=\"56513513\" data-element_type=\"container\" data-settings=\"{&quot;background_background&quot;:&quot;classic&quot;}\">\n\t\t\t\t<div class=\"elementor-element elementor-element-6eaac2cc elementor-widget elementor-widget-heading\" data-id=\"6eaac2cc\" data-element_type=\"widget\" data-widget_type=\"heading.default\">\n\t\t\t\t<div class=\"elementor-widget-container\">\n\t\t\t\t\t<h3 class=\"elementor-heading-title elementor-size-default\">Abz\u00fcge<\/h3>\t\t\t\t<\/div>\n\t\t\t\t<\/div>\n\t\t\t\t<div class=\"elementor-element elementor-element-4baef8dd elementor-widget elementor-widget-text-editor\" data-id=\"4baef8dd\" data-element_type=\"widget\" data-widget_type=\"text-editor.default\">\n\t\t\t\t<div class=\"elementor-widget-container\">\n\t\t\t\t\t\t\t\t\t<p>Au\u00dferdem nimmt Luxorr <strong>Abz\u00fcge<\/strong> vor, die im Wesentlichen gesetzlich vorgeschrieben sind, in diesem Fall Investitionen im Interesse der Kulturf\u00f6rderung. Weitere Abz\u00fcge wie soziale oder andere Hilfen im Interesse der Anspruchsberechtigten k\u00f6nnen auf Beschluss der Verwaltungsorgane von Luxorr (Verwaltungsrat, Generalversammlung&#8230;) erfolgen. Es scheint offensichtlich, dass die Art der Abz\u00fcge vital davon abh\u00e4ngt, wie das Urheberrecht kommuniziert, kontrolliert und eingehalten wird.<\/p>\n\t\t\t\t\t\t\t\t<\/div>\n\t\t\t\t<\/div>\n\t\t\t\t<\/div>\n\t\t\t\t<\/div>\n\t\t<div class=\"elementor-element elementor-element-4429ffc9 e-con-full e-flex e-con e-parent\" data-id=\"4429ffc9\" data-element_type=\"container\">\n\t\t<div class=\"elementor-element elementor-element-3dd2d132 e-con-full e-flex e-con e-child\" data-id=\"3dd2d132\" data-element_type=\"container\" data-settings=\"{&quot;background_background&quot;:&quot;classic&quot;}\">\n\t\t\t\t<div class=\"elementor-element elementor-element-758848a elementor-widget elementor-widget-heading\" data-id=\"758848a\" data-element_type=\"widget\" data-widget_type=\"heading.default\">\n\t\t\t\t<div class=\"elementor-widget-container\">\n\t\t\t\t\t<h3 class=\"elementor-heading-title elementor-size-default\">Nicht verteilbare Kollekte<\/h3>\t\t\t\t<\/div>\n\t\t\t\t<\/div>\n\t\t\t\t<div class=\"elementor-element elementor-element-28d4065f elementor-widget elementor-widget-text-editor\" data-id=\"28d4065f\" data-element_type=\"widget\" data-widget_type=\"text-editor.default\">\n\t\t\t\t<div class=\"elementor-widget-container\">\n\t\t\t\t\t\t\t\t\t<p>Wenn Luxorr Geb\u00fchren erhebt, f\u00fcr die die Daten, die eine Verteilung erm\u00f6glichen, fehlen, unvollst\u00e4ndig, unklar oder auslegungsbed\u00fcrftig sind<strong>(nicht verteilbare Erhebung<\/strong>), versucht sie, die notwendigen Elemente zu erheben, um diesen Zustand zu beheben. In der Zwischenzeit wird die Kollekte einem finanziellen Wartekonto zugewiesen.<\/p>\n\t\t\t\t\t\t\t\t<\/div>\n\t\t\t\t<\/div>\n\t\t\t\t<\/div>\n\t\t\t\t<\/div>\n\t\t<div class=\"elementor-element elementor-element-4eae00cb e-con-full e-flex e-con e-parent\" data-id=\"4eae00cb\" data-element_type=\"container\" data-settings=\"{&quot;background_background&quot;:&quot;classic&quot;}\">\n\t\t<div class=\"elementor-element elementor-element-50b497b7 e-flex e-con-boxed e-con e-child\" data-id=\"50b497b7\" data-element_type=\"container\">\n\t\t\t\t\t<div class=\"e-con-inner\">\n\t\t<div class=\"elementor-element elementor-element-3abd54ba e-flex e-con-boxed e-con e-child\" data-id=\"3abd54ba\" data-element_type=\"container\">\n\t\t\t\t\t<div class=\"e-con-inner\">\n\t\t\t\t<div class=\"elementor-element elementor-element-694a47a3 elementor-widget elementor-widget-image\" data-id=\"694a47a3\" data-element_type=\"widget\" data-settings=\"{&quot;_animation&quot;:&quot;none&quot;}\" data-widget_type=\"image.default\">\n\t\t\t\t<div class=\"elementor-widget-container\">\n\t\t\t\t\t\t\t\t\t\t\t\t\t\t\t<img fetchpriority=\"high\" decoding=\"async\" width=\"633\" height=\"494\" src=\"https:\/\/www.luxorr.lu\/wp-content\/uploads\/2023\/08\/Luxorr-BG.png\" class=\"attachment-large size-large wp-image-1491\" alt=\"\" srcset=\"https:\/\/www.luxorr.lu\/wp-content\/uploads\/2023\/08\/Luxorr-BG.png 633w, https:\/\/www.luxorr.lu\/wp-content\/uploads\/2023\/08\/Luxorr-BG-300x234.png 300w\" sizes=\"(max-width: 633px) 100vw, 633px\" \/>\t\t\t\t\t\t\t\t\t\t\t\t\t\t\t<\/div>\n\t\t\t\t<\/div>\n\t\t\t\t\t<\/div>\n\t\t\t\t<\/div>\n\t\t<div class=\"elementor-element elementor-element-fae1b25 e-flex e-con-boxed e-con e-child\" data-id=\"fae1b25\" data-element_type=\"container\">\n\t\t\t\t\t<div class=\"e-con-inner\">\n\t\t\t\t<div class=\"elementor-element elementor-element-7448965b elementor-widget elementor-widget-heading\" data-id=\"7448965b\" data-element_type=\"widget\" data-widget_type=\"heading.default\">\n\t\t\t\t<div class=\"elementor-widget-container\">\n\t\t\t\t\t<h2 class=\"elementor-heading-title elementor-size-default\">M\u00f6chten Sie mehr Informationen \u00fcber das Sammeln und Verteilen?<\/h2>\t\t\t\t<\/div>\n\t\t\t\t<\/div>\n\t\t\t\t<div class=\"elementor-element elementor-element-64c0c78b elementor-widget elementor-widget-text-editor\" data-id=\"64c0c78b\" data-element_type=\"widget\" data-widget_type=\"text-editor.default\">\n\t\t\t\t<div class=\"elementor-widget-container\">\n\t\t\t\t\t\t\t\t\t<div class=\"elementor-element elementor-element-c8f3a70 elementor-widget elementor-widget-text-editor\" data-id=\"c8f3a70\" data-element_type=\"widget\" data-widget_type=\"text-editor.default\">\n<div class=\"elementor-widget-container\">\n<p>Schicken Sie uns eine Nachricht!<\/p>\n<p>Unser Team freut sich darauf, Ihnen so schnell wie m\u00f6glich zu antworten.<\/p>\n<\/div>\n<\/div>\n\t\t\t\t\t\t\t\t<\/div>\n\t\t\t\t<\/div>\n\t\t\t\t<div class=\"elementor-element elementor-element-1dc1c254 elementor-align-left elementor-widget elementor-widget-button\" data-id=\"1dc1c254\" data-element_type=\"widget\" data-widget_type=\"button.default\">\n\t\t\t\t<div class=\"elementor-widget-container\">\n\t\t\t\t\t\t\t\t\t<div class=\"elementor-button-wrapper\">\n\t\t\t\t\t<a class=\"elementor-button elementor-button-link elementor-size-sm\" href=\"https:\/\/www.luxorr.lu\/de\/kontakt\/\">\n\t\t\t\t\t\t<span class=\"elementor-button-content-wrapper\">\n\t\t\t\t\t\t<span class=\"elementor-button-icon\">\n\t\t\t\t<svg aria-hidden=\"true\" class=\"e-font-icon-svg e-fas-arrow-right\" viewBox=\"0 0 448 512\" xmlns=\"http:\/\/www.w3.org\/2000\/svg\"><path d=\"M190.5 66.9l22.2-22.2c9.4-9.4 24.6-9.4 33.9 0L441 239c9.4 9.4 9.4 24.6 0 33.9L246.6 467.3c-9.4 9.4-24.6 9.4-33.9 0l-22.2-22.2c-9.5-9.5-9.3-25 .4-34.3L311.4 296H24c-13.3 0-24-10.7-24-24v-32c0-13.3 10.7-24 24-24h287.4L190.9 101.2c-9.8-9.3-10-24.8-.4-34.3z\"><\/path><\/svg>\t\t\t<\/span>\n\t\t\t\t\t\t\t\t\t<span class=\"elementor-button-text\">Kontaktieren Sie uns<\/span>\n\t\t\t\t\t<\/span>\n\t\t\t\t\t<\/a>\n\t\t\t\t<\/div>\n\t\t\t\t\t\t\t\t<\/div>\n\t\t\t\t<\/div>\n\t\t\t\t\t<\/div>\n\t\t\t\t<\/div>\n\t\t\t\t\t<\/div>\n\t\t\t\t<\/div>\n\t\t\t\t<\/div>\n\t\t\t\t<\/div>\n\t\t","protected":false},"excerpt":{"rendered":"<p>Globale Definition Luxorr \u00fcbernimmt die Aufgabe, die Tantiemen und Rechte, die durch urheberrechtlich gesch\u00fctzte Werke entstehen, zu sammeln und an die Inhaber dieser Rechte weiterzugeben. Sammeln und Verteilen Als Gegenleistung f\u00fcr die Lizenzen zur Nutzung von Rechten, die Luxorr den Nutzern erteilt, sammelt sie Geb\u00fchren, die sie nach den folgenden allgemeinen Regeln an luxemburgische und [&hellip;]<\/p>\n","protected":false},"author":1,"featured_media":0,"parent":1662,"menu_order":0,"comment_status":"closed","ping_status":"closed","template":"","meta":{"footnotes":""},"class_list":["post-1681","page","type-page","status-publish","hentry"],"yoast_head":"<!-- This site is optimized with the Yoast SEO plugin v26.3 - https:\/\/yoast.com\/wordpress\/plugins\/seo\/ -->\n<title>Sammeln \/ Verteilen - Luxorr<\/title>\n<meta name=\"robots\" content=\"index, follow, max-snippet:-1, max-image-preview:large, max-video-preview:-1\" \/>\n<link rel=\"canonical\" href=\"https:\/\/www.luxorr.lu\/de\/dienste\/sammeln-verteilen\/\" \/>\n<meta property=\"og:locale\" content=\"de_DE\" \/>\n<meta property=\"og:type\" content=\"article\" \/>\n<meta property=\"og:title\" content=\"Sammeln \/ Verteilen - Luxorr\" \/>\n<meta property=\"og:description\" content=\"Globale Definition Luxorr \u00fcbernimmt die Aufgabe, die Tantiemen und Rechte, die durch urheberrechtlich gesch\u00fctzte Werke entstehen, zu sammeln und an die Inhaber dieser Rechte weiterzugeben. Sammeln und Verteilen Als Gegenleistung f\u00fcr die Lizenzen zur Nutzung von Rechten, die Luxorr den Nutzern erteilt, sammelt sie Geb\u00fchren, die sie nach den folgenden allgemeinen Regeln an luxemburgische und [&hellip;]\" \/>\n<meta property=\"og:url\" content=\"https:\/\/www.luxorr.lu\/de\/dienste\/sammeln-verteilen\/\" \/>\n<meta property=\"og:site_name\" content=\"Luxorr\" \/>\n<meta property=\"article:modified_time\" content=\"2023-12-16T18:12:59+00:00\" \/>\n<meta property=\"og:image\" content=\"https:\/\/www.luxorr.lu\/wp-content\/plugins\/elementor\/assets\/images\/placeholder.png\" \/>\n<meta name=\"twitter:card\" content=\"summary_large_image\" \/>\n<meta name=\"twitter:label1\" content=\"Gesch\u00e4tzte Lesezeit\" \/>\n\t<meta name=\"twitter:data1\" content=\"2\u00a0Minuten\" \/>\n<script type=\"application\/ld+json\" class=\"yoast-schema-graph\">{\"@context\":\"https:\/\/schema.org\",\"@graph\":[{\"@type\":\"WebPage\",\"@id\":\"https:\/\/www.luxorr.lu\/de\/dienste\/sammeln-verteilen\/\",\"url\":\"https:\/\/www.luxorr.lu\/de\/dienste\/sammeln-verteilen\/\",\"name\":\"Sammeln \/ Verteilen - Luxorr\",\"isPartOf\":{\"@id\":\"https:\/\/www.luxorr.lu\/de\/#website\"},\"primaryImageOfPage\":{\"@id\":\"https:\/\/www.luxorr.lu\/de\/dienste\/sammeln-verteilen\/#primaryimage\"},\"image\":{\"@id\":\"https:\/\/www.luxorr.lu\/de\/dienste\/sammeln-verteilen\/#primaryimage\"},\"thumbnailUrl\":\"https:\/\/www.luxorr.lu\/wp-content\/plugins\/elementor\/assets\/images\/placeholder.png\",\"datePublished\":\"2023-08-04T06:57:24+00:00\",\"dateModified\":\"2023-12-16T18:12:59+00:00\",\"breadcrumb\":{\"@id\":\"https:\/\/www.luxorr.lu\/de\/dienste\/sammeln-verteilen\/#breadcrumb\"},\"inLanguage\":\"de\",\"potentialAction\":[{\"@type\":\"ReadAction\",\"target\":[\"https:\/\/www.luxorr.lu\/de\/dienste\/sammeln-verteilen\/\"]}]},{\"@type\":\"ImageObject\",\"inLanguage\":\"de\",\"@id\":\"https:\/\/www.luxorr.lu\/de\/dienste\/sammeln-verteilen\/#primaryimage\",\"url\":\"https:\/\/www.luxorr.lu\/wp-content\/plugins\/elementor\/assets\/images\/placeholder.png\",\"contentUrl\":\"https:\/\/www.luxorr.lu\/wp-content\/plugins\/elementor\/assets\/images\/placeholder.png\"},{\"@type\":\"BreadcrumbList\",\"@id\":\"https:\/\/www.luxorr.lu\/de\/dienste\/sammeln-verteilen\/#breadcrumb\",\"itemListElement\":[{\"@type\":\"ListItem\",\"position\":1,\"name\":\"Accueil\",\"item\":\"https:\/\/www.luxorr.lu\/de\/homepage\/\"},{\"@type\":\"ListItem\",\"position\":2,\"name\":\"Dienste\",\"item\":\"https:\/\/www.luxorr.lu\/de\/dienste\/\"},{\"@type\":\"ListItem\",\"position\":3,\"name\":\"Sammeln \/ Verteilen\"}]},{\"@type\":\"WebSite\",\"@id\":\"https:\/\/www.luxorr.lu\/de\/#website\",\"url\":\"https:\/\/www.luxorr.lu\/de\/\",\"name\":\"Luxorr\",\"description\":\"Luxembourg Organization For Reproduction Rights - ASBL\",\"publisher\":{\"@id\":\"https:\/\/www.luxorr.lu\/de\/#organization\"},\"potentialAction\":[{\"@type\":\"SearchAction\",\"target\":{\"@type\":\"EntryPoint\",\"urlTemplate\":\"https:\/\/www.luxorr.lu\/de\/?s={search_term_string}\"},\"query-input\":{\"@type\":\"PropertyValueSpecification\",\"valueRequired\":true,\"valueName\":\"search_term_string\"}}],\"inLanguage\":\"de\"},{\"@type\":\"Organization\",\"@id\":\"https:\/\/www.luxorr.lu\/de\/#organization\",\"name\":\"Luxorr\",\"url\":\"https:\/\/www.luxorr.lu\/de\/\",\"logo\":{\"@type\":\"ImageObject\",\"inLanguage\":\"de\",\"@id\":\"https:\/\/www.luxorr.lu\/de\/#\/schema\/logo\/image\/\",\"url\":\"https:\/\/www.luxorr.lu\/wp-content\/uploads\/2023\/08\/Luxorr-Logo.svg\",\"contentUrl\":\"https:\/\/www.luxorr.lu\/wp-content\/uploads\/2023\/08\/Luxorr-Logo.svg\",\"width\":327,\"height\":83,\"caption\":\"Luxorr\"},\"image\":{\"@id\":\"https:\/\/www.luxorr.lu\/de\/#\/schema\/logo\/image\/\"}}]}<\/script>\n<!-- \/ Yoast SEO plugin. -->","yoast_head_json":{"title":"Sammeln \/ Verteilen - Luxorr","robots":{"index":"index","follow":"follow","max-snippet":"max-snippet:-1","max-image-preview":"max-image-preview:large","max-video-preview":"max-video-preview:-1"},"canonical":"https:\/\/www.luxorr.lu\/de\/dienste\/sammeln-verteilen\/","og_locale":"de_DE","og_type":"article","og_title":"Sammeln \/ Verteilen - Luxorr","og_description":"Globale Definition Luxorr \u00fcbernimmt die Aufgabe, die Tantiemen und Rechte, die durch urheberrechtlich gesch\u00fctzte Werke entstehen, zu sammeln und an die Inhaber dieser Rechte weiterzugeben. Sammeln und Verteilen Als Gegenleistung f\u00fcr die Lizenzen zur Nutzung von Rechten, die Luxorr den Nutzern erteilt, sammelt sie Geb\u00fchren, die sie nach den folgenden allgemeinen Regeln an luxemburgische und [&hellip;]","og_url":"https:\/\/www.luxorr.lu\/de\/dienste\/sammeln-verteilen\/","og_site_name":"Luxorr","article_modified_time":"2023-12-16T18:12:59+00:00","og_image":[{"url":"https:\/\/www.luxorr.lu\/wp-content\/plugins\/elementor\/assets\/images\/placeholder.png","type":"","width":"","height":""}],"twitter_card":"summary_large_image","twitter_misc":{"Gesch\u00e4tzte Lesezeit":"2\u00a0Minuten"},"schema":{"@context":"https:\/\/schema.org","@graph":[{"@type":"WebPage","@id":"https:\/\/www.luxorr.lu\/de\/dienste\/sammeln-verteilen\/","url":"https:\/\/www.luxorr.lu\/de\/dienste\/sammeln-verteilen\/","name":"Sammeln \/ Verteilen - Luxorr","isPartOf":{"@id":"https:\/\/www.luxorr.lu\/de\/#website"},"primaryImageOfPage":{"@id":"https:\/\/www.luxorr.lu\/de\/dienste\/sammeln-verteilen\/#primaryimage"},"image":{"@id":"https:\/\/www.luxorr.lu\/de\/dienste\/sammeln-verteilen\/#primaryimage"},"thumbnailUrl":"https:\/\/www.luxorr.lu\/wp-content\/plugins\/elementor\/assets\/images\/placeholder.png","datePublished":"2023-08-04T06:57:24+00:00","dateModified":"2023-12-16T18:12:59+00:00","breadcrumb":{"@id":"https:\/\/www.luxorr.lu\/de\/dienste\/sammeln-verteilen\/#breadcrumb"},"inLanguage":"de","potentialAction":[{"@type":"ReadAction","target":["https:\/\/www.luxorr.lu\/de\/dienste\/sammeln-verteilen\/"]}]},{"@type":"ImageObject","inLanguage":"de","@id":"https:\/\/www.luxorr.lu\/de\/dienste\/sammeln-verteilen\/#primaryimage","url":"https:\/\/www.luxorr.lu\/wp-content\/plugins\/elementor\/assets\/images\/placeholder.png","contentUrl":"https:\/\/www.luxorr.lu\/wp-content\/plugins\/elementor\/assets\/images\/placeholder.png"},{"@type":"BreadcrumbList","@id":"https:\/\/www.luxorr.lu\/de\/dienste\/sammeln-verteilen\/#breadcrumb","itemListElement":[{"@type":"ListItem","position":1,"name":"Accueil","item":"https:\/\/www.luxorr.lu\/de\/homepage\/"},{"@type":"ListItem","position":2,"name":"Dienste","item":"https:\/\/www.luxorr.lu\/de\/dienste\/"},{"@type":"ListItem","position":3,"name":"Sammeln \/ Verteilen"}]},{"@type":"WebSite","@id":"https:\/\/www.luxorr.lu\/de\/#website","url":"https:\/\/www.luxorr.lu\/de\/","name":"Luxorr","description":"Luxembourg Organization For Reproduction Rights - ASBL","publisher":{"@id":"https:\/\/www.luxorr.lu\/de\/#organization"},"potentialAction":[{"@type":"SearchAction","target":{"@type":"EntryPoint","urlTemplate":"https:\/\/www.luxorr.lu\/de\/?s={search_term_string}"},"query-input":{"@type":"PropertyValueSpecification","valueRequired":true,"valueName":"search_term_string"}}],"inLanguage":"de"},{"@type":"Organization","@id":"https:\/\/www.luxorr.lu\/de\/#organization","name":"Luxorr","url":"https:\/\/www.luxorr.lu\/de\/","logo":{"@type":"ImageObject","inLanguage":"de","@id":"https:\/\/www.luxorr.lu\/de\/#\/schema\/logo\/image\/","url":"https:\/\/www.luxorr.lu\/wp-content\/uploads\/2023\/08\/Luxorr-Logo.svg","contentUrl":"https:\/\/www.luxorr.lu\/wp-content\/uploads\/2023\/08\/Luxorr-Logo.svg","width":327,"height":83,"caption":"Luxorr"},"image":{"@id":"https:\/\/www.luxorr.lu\/de\/#\/schema\/logo\/image\/"}}]}},"_links":{"self":[{"href":"https:\/\/www.luxorr.lu\/de\/wp-json\/wp\/v2\/pages\/1681","targetHints":{"allow":["GET"]}}],"collection":[{"href":"https:\/\/www.luxorr.lu\/de\/wp-json\/wp\/v2\/pages"}],"about":[{"href":"https:\/\/www.luxorr.lu\/de\/wp-json\/wp\/v2\/types\/page"}],"author":[{"embeddable":true,"href":"https:\/\/www.luxorr.lu\/de\/wp-json\/wp\/v2\/users\/1"}],"replies":[{"embeddable":true,"href":"https:\/\/www.luxorr.lu\/de\/wp-json\/wp\/v2\/comments?post=1681"}],"version-history":[{"count":1,"href":"https:\/\/www.luxorr.lu\/de\/wp-json\/wp\/v2\/pages\/1681\/revisions"}],"predecessor-version":[{"id":1692,"href":"https:\/\/www.luxorr.lu\/de\/wp-json\/wp\/v2\/pages\/1681\/revisions\/1692"}],"up":[{"embeddable":true,"href":"https:\/\/www.luxorr.lu\/de\/wp-json\/wp\/v2\/pages\/1662"}],"wp:attachment":[{"href":"https:\/\/www.luxorr.lu\/de\/wp-json\/wp\/v2\/media?parent=1681"}],"curies":[{"name":"wp","href":"https:\/\/api.w.org\/{rel}","templated":true}]}}