{"id":1678,"date":"2023-08-17T18:16:36","date_gmt":"2023-08-17T16:16:36","guid":{"rendered":"https:\/\/www.luxorr.lu\/rechtliche-hinweise\/"},"modified":"2023-12-16T20:13:11","modified_gmt":"2023-12-16T18:13:11","slug":"rechtliche-hinweise","status":"publish","type":"page","link":"https:\/\/www.luxorr.lu\/de\/rechtliche-hinweise\/","title":{"rendered":"Rechtliche Hinweise"},"content":{"rendered":"\t\t<div data-elementor-type=\"wp-page\" data-elementor-id=\"1678\" class=\"elementor elementor-1678 elementor-499\" data-elementor-post-type=\"page\">\n\t\t\t\t<div class=\"elementor-element elementor-element-8dca650 e-con-full e-flex e-con e-parent\" data-id=\"8dca650\" data-element_type=\"container\" data-settings=\"{&quot;background_background&quot;:&quot;classic&quot;}\">\n\t\t\t\t<\/div>\n\t\t<div class=\"elementor-element elementor-element-d0e1c6e e-flex e-con-boxed e-con e-parent\" data-id=\"d0e1c6e\" data-element_type=\"container\">\n\t\t\t\t\t<div class=\"e-con-inner\">\n\t\t\t\t<div class=\"elementor-element elementor-element-7cf2303 elementor-widget elementor-widget-text-editor\" data-id=\"7cf2303\" data-element_type=\"widget\" data-widget_type=\"text-editor.default\">\n\t\t\t\t<div class=\"elementor-widget-container\">\n\t\t\t\t\t\t\t\t\t<p><strong>Rechtliche Hinweise von Luxorr<\/p>\n<p><\/strong><\/p>\n<p><em>Datum des Inkrafttretens: 15.11.2023<\/p>\n<p><\/em><\/p>\n<p><strong>1. Rechtliche Informationen<\/strong><\/p>\n<p>Luxorr ist ein eingetragenes Unternehmen ASBL 5, All\u00e9e John W. L\u00e9onard L-7526 Mersch.<\/p>\n<p><strong>2. Verantwortung<\/strong><\/p>\n<p>a. Luxorr bem\u00fcht sich, genaue und aktuelle Informationen auf dieser Website bereitzustellen, \u00fcbernimmt jedoch keine Garantie f\u00fcr die Richtigkeit, Vollst\u00e4ndigkeit oder Relevanz der Informationen.<\/p>\n<p>b. Luxorr haftet nicht f\u00fcr Fehler oder Auslassungen im Inhalt dieser Seite oder f\u00fcr die Folgen der Nutzung dieser Informationen.<\/p>\n<p><strong>3. Urheberrechte<\/strong><\/p>\n<p>Der Inhalt dieser Seite ist, sofern nicht anders angegeben, Eigentum von Luxorr und urheberrechtlich gesch\u00fctzt. Die unerlaubte Vervielf\u00e4ltigung, Verbreitung oder Nutzung des Inhalts ist untersagt.<\/p>\n<p><strong>4. Pers\u00f6nliche Daten<\/strong><\/p>\n<p>a. Luxorr verpflichtet sich, die Vertraulichkeit der von Ihnen zur Verf\u00fcgung gestellten pers\u00f6nlichen Informationen zu sch\u00fctzen. In unserer Datenschutzrichtlinie finden Sie weitere Informationen dar\u00fcber, wie wir Ihre Daten sammeln, verwenden und sch\u00fctzen.<\/p>\n<p>b. Durch die Nutzung dieser Website stimmen Sie der Erfassung und Nutzung Ihrer pers\u00f6nlichen Daten gem\u00e4\u00df unserer Datenschutzrichtlinie zu.<\/p>\n<p><strong>5. Kontakt<\/strong><\/p>\n<p>Wenn Sie Fragen oder Bedenken zu diesen rechtlichen Hinweisen haben, wenden Sie sich bitte an uns unter <a href=\"mailto:info@luxorr.lu\">info@luxorr.lu<\/a>.<\/p>\n<p><strong>6. Hoster<\/strong><\/p>\n<p>Diese Website wird von RCarr\u00e9 gehostet, dessen Hauptsitz sich in Capellen befindet.<\/p>\n<p><strong>7. Anwendbares Recht<\/strong><\/p>\n<p>Diese rechtlichen Hinweise unterliegen den Gesetzen, die in Ihrer Gerichtsbarkeit gelten.<\/p>\n\t\t\t\t\t\t\t\t<\/div>\n\t\t\t\t<\/div>\n\t\t\t\t\t<\/div>\n\t\t\t\t<\/div>\n\t\t\t\t<\/div>\n\t\t","protected":false},"excerpt":{"rendered":"<p>Rechtliche Hinweise von Luxorr Datum des Inkrafttretens: 15.11.2023 1. Rechtliche Informationen Luxorr ist ein eingetragenes Unternehmen ASBL 5, All\u00e9e John W. L\u00e9onard L-7526 Mersch. 2. Verantwortung a. Luxorr bem\u00fcht sich, genaue und aktuelle Informationen auf dieser Website bereitzustellen, \u00fcbernimmt jedoch keine Garantie f\u00fcr die Richtigkeit, Vollst\u00e4ndigkeit oder Relevanz der Informationen. b. Luxorr haftet nicht f\u00fcr [&hellip;]<\/p>\n","protected":false},"author":1,"featured_media":0,"parent":0,"menu_order":0,"comment_status":"closed","ping_status":"closed","template":"","meta":{"footnotes":""},"class_list":["post-1678","page","type-page","status-publish","hentry"],"yoast_head":"<!-- This site is optimized with the Yoast SEO plugin v26.3 - https:\/\/yoast.com\/wordpress\/plugins\/seo\/ -->\n<title>Rechtliche Hinweise - Luxorr<\/title>\n<meta name=\"robots\" content=\"index, follow, max-snippet:-1, max-image-preview:large, max-video-preview:-1\" \/>\n<link rel=\"canonical\" href=\"https:\/\/www.luxorr.lu\/de\/rechtliche-hinweise\/\" \/>\n<meta property=\"og:locale\" content=\"de_DE\" \/>\n<meta property=\"og:type\" content=\"article\" \/>\n<meta property=\"og:title\" content=\"Rechtliche Hinweise - Luxorr\" \/>\n<meta property=\"og:description\" content=\"Rechtliche Hinweise von Luxorr Datum des Inkrafttretens: 15.11.2023 1. Rechtliche Informationen Luxorr ist ein eingetragenes Unternehmen ASBL 5, All\u00e9e John W. L\u00e9onard L-7526 Mersch. 2. Verantwortung a. Luxorr bem\u00fcht sich, genaue und aktuelle Informationen auf dieser Website bereitzustellen, \u00fcbernimmt jedoch keine Garantie f\u00fcr die Richtigkeit, Vollst\u00e4ndigkeit oder Relevanz der Informationen. b. Luxorr haftet nicht f\u00fcr [&hellip;]\" \/>\n<meta property=\"og:url\" content=\"https:\/\/www.luxorr.lu\/de\/rechtliche-hinweise\/\" \/>\n<meta property=\"og:site_name\" content=\"Luxorr\" \/>\n<meta property=\"article:modified_time\" content=\"2023-12-16T18:13:11+00:00\" \/>\n<meta name=\"twitter:card\" content=\"summary_large_image\" \/>\n<meta name=\"twitter:label1\" content=\"Gesch\u00e4tzte Lesezeit\" \/>\n\t<meta name=\"twitter:data1\" content=\"1\u00a0Minute\" \/>\n<script type=\"application\/ld+json\" class=\"yoast-schema-graph\">{\"@context\":\"https:\/\/schema.org\",\"@graph\":[{\"@type\":\"WebPage\",\"@id\":\"https:\/\/www.luxorr.lu\/de\/rechtliche-hinweise\/\",\"url\":\"https:\/\/www.luxorr.lu\/de\/rechtliche-hinweise\/\",\"name\":\"Rechtliche Hinweise - Luxorr\",\"isPartOf\":{\"@id\":\"https:\/\/www.luxorr.lu\/de\/#website\"},\"datePublished\":\"2023-08-17T16:16:36+00:00\",\"dateModified\":\"2023-12-16T18:13:11+00:00\",\"breadcrumb\":{\"@id\":\"https:\/\/www.luxorr.lu\/de\/rechtliche-hinweise\/#breadcrumb\"},\"inLanguage\":\"de\",\"potentialAction\":[{\"@type\":\"ReadAction\",\"target\":[\"https:\/\/www.luxorr.lu\/de\/rechtliche-hinweise\/\"]}]},{\"@type\":\"BreadcrumbList\",\"@id\":\"https:\/\/www.luxorr.lu\/de\/rechtliche-hinweise\/#breadcrumb\",\"itemListElement\":[{\"@type\":\"ListItem\",\"position\":1,\"name\":\"Accueil\",\"item\":\"https:\/\/www.luxorr.lu\/de\/homepage\/\"},{\"@type\":\"ListItem\",\"position\":2,\"name\":\"Rechtliche Hinweise\"}]},{\"@type\":\"WebSite\",\"@id\":\"https:\/\/www.luxorr.lu\/de\/#website\",\"url\":\"https:\/\/www.luxorr.lu\/de\/\",\"name\":\"Luxorr\",\"description\":\"Luxembourg Organization For Reproduction Rights - ASBL\",\"publisher\":{\"@id\":\"https:\/\/www.luxorr.lu\/de\/#organization\"},\"potentialAction\":[{\"@type\":\"SearchAction\",\"target\":{\"@type\":\"EntryPoint\",\"urlTemplate\":\"https:\/\/www.luxorr.lu\/de\/?s={search_term_string}\"},\"query-input\":{\"@type\":\"PropertyValueSpecification\",\"valueRequired\":true,\"valueName\":\"search_term_string\"}}],\"inLanguage\":\"de\"},{\"@type\":\"Organization\",\"@id\":\"https:\/\/www.luxorr.lu\/de\/#organization\",\"name\":\"Luxorr\",\"url\":\"https:\/\/www.luxorr.lu\/de\/\",\"logo\":{\"@type\":\"ImageObject\",\"inLanguage\":\"de\",\"@id\":\"https:\/\/www.luxorr.lu\/de\/#\/schema\/logo\/image\/\",\"url\":\"https:\/\/www.luxorr.lu\/wp-content\/uploads\/2023\/08\/Luxorr-Logo.svg\",\"contentUrl\":\"https:\/\/www.luxorr.lu\/wp-content\/uploads\/2023\/08\/Luxorr-Logo.svg\",\"width\":327,\"height\":83,\"caption\":\"Luxorr\"},\"image\":{\"@id\":\"https:\/\/www.luxorr.lu\/de\/#\/schema\/logo\/image\/\"}}]}<\/script>\n<!-- \/ Yoast SEO plugin. -->","yoast_head_json":{"title":"Rechtliche Hinweise - Luxorr","robots":{"index":"index","follow":"follow","max-snippet":"max-snippet:-1","max-image-preview":"max-image-preview:large","max-video-preview":"max-video-preview:-1"},"canonical":"https:\/\/www.luxorr.lu\/de\/rechtliche-hinweise\/","og_locale":"de_DE","og_type":"article","og_title":"Rechtliche Hinweise - Luxorr","og_description":"Rechtliche Hinweise von Luxorr Datum des Inkrafttretens: 15.11.2023 1. Rechtliche Informationen Luxorr ist ein eingetragenes Unternehmen ASBL 5, All\u00e9e John W. L\u00e9onard L-7526 Mersch. 2. Verantwortung a. Luxorr bem\u00fcht sich, genaue und aktuelle Informationen auf dieser Website bereitzustellen, \u00fcbernimmt jedoch keine Garantie f\u00fcr die Richtigkeit, Vollst\u00e4ndigkeit oder Relevanz der Informationen. b. Luxorr haftet nicht f\u00fcr [&hellip;]","og_url":"https:\/\/www.luxorr.lu\/de\/rechtliche-hinweise\/","og_site_name":"Luxorr","article_modified_time":"2023-12-16T18:13:11+00:00","twitter_card":"summary_large_image","twitter_misc":{"Gesch\u00e4tzte Lesezeit":"1\u00a0Minute"},"schema":{"@context":"https:\/\/schema.org","@graph":[{"@type":"WebPage","@id":"https:\/\/www.luxorr.lu\/de\/rechtliche-hinweise\/","url":"https:\/\/www.luxorr.lu\/de\/rechtliche-hinweise\/","name":"Rechtliche Hinweise - Luxorr","isPartOf":{"@id":"https:\/\/www.luxorr.lu\/de\/#website"},"datePublished":"2023-08-17T16:16:36+00:00","dateModified":"2023-12-16T18:13:11+00:00","breadcrumb":{"@id":"https:\/\/www.luxorr.lu\/de\/rechtliche-hinweise\/#breadcrumb"},"inLanguage":"de","potentialAction":[{"@type":"ReadAction","target":["https:\/\/www.luxorr.lu\/de\/rechtliche-hinweise\/"]}]},{"@type":"BreadcrumbList","@id":"https:\/\/www.luxorr.lu\/de\/rechtliche-hinweise\/#breadcrumb","itemListElement":[{"@type":"ListItem","position":1,"name":"Accueil","item":"https:\/\/www.luxorr.lu\/de\/homepage\/"},{"@type":"ListItem","position":2,"name":"Rechtliche Hinweise"}]},{"@type":"WebSite","@id":"https:\/\/www.luxorr.lu\/de\/#website","url":"https:\/\/www.luxorr.lu\/de\/","name":"Luxorr","description":"Luxembourg Organization For Reproduction Rights - ASBL","publisher":{"@id":"https:\/\/www.luxorr.lu\/de\/#organization"},"potentialAction":[{"@type":"SearchAction","target":{"@type":"EntryPoint","urlTemplate":"https:\/\/www.luxorr.lu\/de\/?s={search_term_string}"},"query-input":{"@type":"PropertyValueSpecification","valueRequired":true,"valueName":"search_term_string"}}],"inLanguage":"de"},{"@type":"Organization","@id":"https:\/\/www.luxorr.lu\/de\/#organization","name":"Luxorr","url":"https:\/\/www.luxorr.lu\/de\/","logo":{"@type":"ImageObject","inLanguage":"de","@id":"https:\/\/www.luxorr.lu\/de\/#\/schema\/logo\/image\/","url":"https:\/\/www.luxorr.lu\/wp-content\/uploads\/2023\/08\/Luxorr-Logo.svg","contentUrl":"https:\/\/www.luxorr.lu\/wp-content\/uploads\/2023\/08\/Luxorr-Logo.svg","width":327,"height":83,"caption":"Luxorr"},"image":{"@id":"https:\/\/www.luxorr.lu\/de\/#\/schema\/logo\/image\/"}}]}},"_links":{"self":[{"href":"https:\/\/www.luxorr.lu\/de\/wp-json\/wp\/v2\/pages\/1678","targetHints":{"allow":["GET"]}}],"collection":[{"href":"https:\/\/www.luxorr.lu\/de\/wp-json\/wp\/v2\/pages"}],"about":[{"href":"https:\/\/www.luxorr.lu\/de\/wp-json\/wp\/v2\/types\/page"}],"author":[{"embeddable":true,"href":"https:\/\/www.luxorr.lu\/de\/wp-json\/wp\/v2\/users\/1"}],"replies":[{"embeddable":true,"href":"https:\/\/www.luxorr.lu\/de\/wp-json\/wp\/v2\/comments?post=1678"}],"version-history":[{"count":3,"href":"https:\/\/www.luxorr.lu\/de\/wp-json\/wp\/v2\/pages\/1678\/revisions"}],"predecessor-version":[{"id":1757,"href":"https:\/\/www.luxorr.lu\/de\/wp-json\/wp\/v2\/pages\/1678\/revisions\/1757"}],"wp:attachment":[{"href":"https:\/\/www.luxorr.lu\/de\/wp-json\/wp\/v2\/media?parent=1678"}],"curies":[{"name":"wp","href":"https:\/\/api.w.org\/{rel}","templated":true}]}}