{"id":1630,"date":"2023-11-08T23:40:18","date_gmt":"2023-11-08T21:40:18","guid":{"rendered":"https:\/\/www.luxorr.lu\/gesetzestexte\/"},"modified":"2024-07-09T10:49:08","modified_gmt":"2024-07-09T08:49:08","slug":"gesetzestexte","status":"publish","type":"page","link":"https:\/\/www.luxorr.lu\/de\/dienste\/gesetzestexte\/","title":{"rendered":"Gesetzestexte"},"content":{"rendered":"\t\t<div data-elementor-type=\"wp-page\" data-elementor-id=\"1630\" class=\"elementor elementor-1630 elementor-1071\" data-elementor-post-type=\"page\">\n\t\t\t\t<div class=\"elementor-element elementor-element-2fbefde8 e-con-full e-flex e-con e-parent\" data-id=\"2fbefde8\" data-element_type=\"container\" data-settings=\"{&quot;background_background&quot;:&quot;classic&quot;}\">\n\t\t\t\t<\/div>\n\t\t<div class=\"elementor-element elementor-element-3f1d64a e-con-full e-flex e-con e-parent\" data-id=\"3f1d64a\" data-element_type=\"container\" data-settings=\"{&quot;background_background&quot;:&quot;classic&quot;}\">\n\t\t<div class=\"elementor-element elementor-element-c77899a e-con-full e-flex e-con e-child\" data-id=\"c77899a\" data-element_type=\"container\">\n\t\t\t\t<div class=\"elementor-element elementor-element-c7a24a7 elementor-widget elementor-widget-heading\" data-id=\"c7a24a7\" data-element_type=\"widget\" data-widget_type=\"heading.default\">\n\t\t\t\t<div class=\"elementor-widget-container\">\n\t\t\t\t\t<h2 class=\"elementor-heading-title elementor-size-default\">Gesetze<\/h2>\t\t\t\t<\/div>\n\t\t\t\t<\/div>\n\t\t\t\t<div class=\"elementor-element elementor-element-1c572c3 elementor-widget elementor-widget-text-editor\" data-id=\"1c572c3\" data-element_type=\"widget\" data-widget_type=\"text-editor.default\">\n\t\t\t\t<div class=\"elementor-widget-container\">\n\t\t\t\t\t\t\t\t\t<p>Gesetz vom 18. April 2001 \u00fcber Urheberrechte, verwandte Schutzrechte und Datenbanken. <span style=\"text-decoration: underline;\"><a href=\"http:\/\/data.legilux.public.lu\/eli\/etat\/leg\/loi\/2001\/04\/18\/n2\/jo\" target=\"_blank\" rel=\"noopener\">hier<\/a><\/span><\/p>\n<p>Gesetz vom 18. April 2004 zur \u00c4nderung: 1) das Gesetz vom 18. April 2001 \u00fcber Urheberrechte, verwandte Schutzrechte und Datenbanken und 2) das ge\u00e4nderte Gesetz vom 20. Juli 1992 zur \u00c4nderung der Regelung f\u00fcr Erfindungspatente. <a href=\"http:\/\/data.legilux.public.lu\/eli\/etat\/leg\/loi\/2004\/04\/18\/n4\/jo\" target=\"_blank\" rel=\"noopener\"><span style=\"text-decoration: underline;\">hier<\/span><\/a><\/p>\n<p>Gesetz vom 22. Mai 2009 zur Umsetzung der Richtlinie 2004\/48\/EG des Europ\u00e4ischen Parlaments und des Rates vom 29. April 2004 zur Durchsetzung der Rechte des geistigen Eigentums und zur Benennung der Gemeinschaftsgeschmacksmustergerichte, mit dem Ziel der \u00c4nderung: 1) das ge\u00e4nderte Gesetz vom 18. April 2001 \u00fcber Urheberrechte, verwandte Schutzrechte und Datenbanken und 2) das ge\u00e4nderte Gesetz vom 20. Juli 1992 zur \u00c4nderung der Regelung f\u00fcr Erfindungspatente.<span style=\"text-decoration: underline;\"> <a href=\"http:\/\/data.legilux.public.lu\/eli\/etat\/leg\/loi\/2009\/05\/22\/n2\/jo\" target=\"_blank\" rel=\"noopener\">hier<\/a><\/span><\/p>\n<p>Gesetz vom 10. Februar 2015 zur Umsetzung der Richtlinie 2011\/77\/EU des Europ\u00e4ischen Parlaments und des Rates vom 27. September 2011 zur \u00c4nderung der Richtlinie 2006\/116\/EG \u00fcber die Schutzdauer des Urheberrechts und bestimmter verwandter Schutzrechte und zur \u00c4nderung des ge\u00e4nderten Gesetzes vom 18. April 2001 \u00fcber Urheberrechte, verwandte Schutzrechte und Datenbanken. <span style=\"text-decoration: underline;\"><a href=\"http:\/\/data.legilux.public.lu\/eli\/etat\/leg\/loi\/2015\/02\/10\/n1\/jo\" target=\"_blank\" rel=\"noopener\">hier<\/a><\/span><\/p>\n<p>Gesetz vom 3. Dezember 2015 \u00fcber bestimmte zul\u00e4ssige Nutzungen verwaister Werke. <a href=\"http:\/\/data.legilux.public.lu\/eli\/etat\/leg\/loi\/2015\/12\/03\/n1\/jo\" target=\"_blank\" rel=\"noopener\"><span style=\"text-decoration: underline;\">hier<\/span><\/a><\/p>\n<p>Gesetz vom 25. April 2018 \u00fcber die kollektive Wahrnehmung von Urheberrechten und verwandten Schutzrechten und die Vergabe von Mehrgebietslizenzen f\u00fcr Rechte an Musikwerken f\u00fcr die Online-Nutzung im Binnenmarkt und zur \u00c4nderung des ge\u00e4nderten Gesetzes vom 18. April 2001 \u00fcber Urheberrechte, verwandte Schutzrechte und Datenbanken. <span style=\"text-decoration: underline;\"><a href=\"http:\/\/data.legilux.public.lu\/eli\/etat\/leg\/loi\/2018\/04\/25\/a307\/jo\" target=\"_blank\" rel=\"noopener\">hier<\/a><\/span><\/p>\n<p>Gesetz vom 3. April 2020 zur \u00c4nderung des ge\u00e4nderten Gesetzes vom 18. April 2001 \u00fcber Urheberrechte, verwandte Schutzrechte und Datenbanken zur Umsetzung der Richtlinie (EU) 2017\/1564 des Europ\u00e4ischen Parlaments und des Rates vom 13. September 2017 \u00fcber bestimmte zul\u00e4ssige Nutzungen bestimmter Werke und anderer durch das Urheberrecht und verwandte Schutzrechte gesch\u00fctzter Objekte zugunsten von Blinden, Sehbehinderten und Personen mit anderen Schwierigkeiten beim Lesen von gedruckten Texten und zur \u00c4nderung der Richtlinie 2001\/29\/EG zur Harmonisierung bestimmter Aspekte des Urheberrechts und der verwandten Schutzrechte in der Informationsgesellschaft. <span style=\"text-decoration: underline;\"><a href=\"http:\/\/data.legilux.public.lu\/eli\/etat\/leg\/loi\/2020\/04\/03\/a242\/jo\" target=\"_blank\" rel=\"noopener\">hier<\/a><\/span><\/p>\n<p>Gesetz vom 1. April 2022 zur \u00c4nderung des ge\u00e4nderten Gesetzes vom 18. April 2001 \u00fcber Urheberrechte, verwandte Schutzrechte und Datenbanken zur Umsetzung der Richtlinie 2019\/789 des Europ\u00e4ischen Parlaments und des Rates vom 17. April 2019 zur Festlegung von Regeln f\u00fcr die Aus\u00fcbung von Urheberrechten und verwandten Schutzrechten, die f\u00fcr bestimmte Online-\u00dcbertragungen von Rundfunkanstalten und die Weitersendung von Fernseh- und H\u00f6rfunkprogrammen gelten, und zur \u00c4nderung der Richtlinie 93\/83\/EWG des Rates. <span style=\"text-decoration: underline;\"><a href=\"http:\/\/data.legilux.public.lu\/eli\/etat\/leg\/loi\/2022\/04\/01\/a159\/jo\" target=\"_blank\" rel=\"noopener\">hier<\/a><\/span><\/p>\n\t\t\t\t\t\t\t\t<\/div>\n\t\t\t\t<\/div>\n\t\t\t\t<\/div>\n\t\t\t\t<\/div>\n\t\t<div class=\"elementor-element elementor-element-c0d93c3 e-con-full e-flex e-con e-parent\" data-id=\"c0d93c3\" data-element_type=\"container\" data-settings=\"{&quot;background_background&quot;:&quot;classic&quot;}\">\n\t\t<div class=\"elementor-element elementor-element-8ebb3f1 e-con-full e-flex e-con e-child\" data-id=\"8ebb3f1\" data-element_type=\"container\">\n\t\t\t\t<div class=\"elementor-element elementor-element-fa7d336 elementor-widget elementor-widget-heading\" data-id=\"fa7d336\" data-element_type=\"widget\" data-widget_type=\"heading.default\">\n\t\t\t\t<div class=\"elementor-widget-container\">\n\t\t\t\t\t<h2 class=\"elementor-heading-title elementor-size-default\">R\u00e8glements Grand-Ducaux<\/h2>\t\t\t\t<\/div>\n\t\t\t\t<\/div>\n\t\t\t\t<div class=\"elementor-element elementor-element-71d4fa0 elementor-widget elementor-widget-text-editor\" data-id=\"71d4fa0\" data-element_type=\"widget\" data-widget_type=\"text-editor.default\">\n\t\t\t\t<div class=\"elementor-widget-container\">\n\t\t\t\t\t\t\t\t\t<p>R\u00e8glement Grand-Ducal du 30 juin 2004 concernant les organismes de gestion et de r\u00e9partition des droits d\u2019auteur et des droits voisins (Gro\u00dfherzogliche Verordnung vom 30. Juni 2004 \u00fcber die Einrichtungen zur Verwaltung und Verteilung von Urheberrechten und verwandten Schutzrechten) <span style=\"text-decoration: underline;\"><a href=\"http:\/\/data.legilux.public.lu\/eli\/etat\/leg\/rgd\/2004\/06\/30\/n2\/jo\" target=\"_blank\" rel=\"noopener\">hier<\/a><\/span><\/p>\n<p>R\u00e8glement Grand-Ducal du 16 mars 2005 portant organisation de la Commission des droits d\u2019auteur et des droits voisins (Gro\u00dfherzogliche Verordnung vom 16. M\u00e4rz 2005 \u00fcber die Organisation der Kommission f\u00fcr Urheberrechte und verwandte Schutzrechte) <span style=\"text-decoration: underline;\"><a href=\"http:\/\/data.legilux.public.lu\/eli\/etat\/leg\/rgd\/2005\/03\/16\/n2\/jo\" target=\"_blank\" rel=\"noopener\">hier<\/a><\/span><\/p>\n<p>R\u00e8glement grand-ducal du 8 janvier 2007 relatif \u00e0 la r\u00e9mun\u00e9ration \u00e9quitable pour pr\u00eat public (Gro\u00dfherzogliche Verordnung vom 8. Januar 2007 \u00fcber die angemessene Verg\u00fctung f\u00fcr \u00f6ffentliches Verleihen). <span style=\"text-decoration: underline;\"><a href=\"http:\/\/data.legilux.public.lu\/eli\/etat\/leg\/rgd\/2007\/01\/08\/n2\/jo\" target=\"_blank\" rel=\"noopener\">hier<\/a><\/span><\/p>\n\t\t\t\t\t\t\t\t<\/div>\n\t\t\t\t<\/div>\n\t\t\t\t<\/div>\n\t\t\t\t<\/div>\n\t\t<div class=\"elementor-element elementor-element-7b46fd9 e-con-full e-flex e-con e-parent\" data-id=\"7b46fd9\" data-element_type=\"container\" data-settings=\"{&quot;background_background&quot;:&quot;classic&quot;}\">\n\t\t<div class=\"elementor-element elementor-element-10a3e05 e-con-full e-flex e-con e-child\" data-id=\"10a3e05\" data-element_type=\"container\">\n\t\t\t\t<div class=\"elementor-element elementor-element-8461bfd elementor-widget elementor-widget-heading\" data-id=\"8461bfd\" data-element_type=\"widget\" data-widget_type=\"heading.default\">\n\t\t\t\t<div class=\"elementor-widget-container\">\n\t\t\t\t\t<h2 class=\"elementor-heading-title elementor-size-default\">Europ\u00e4ische Richtlinien<\/h2>\t\t\t\t<\/div>\n\t\t\t\t<\/div>\n\t\t\t\t<div class=\"elementor-element elementor-element-11b21b0 elementor-widget elementor-widget-text-editor\" data-id=\"11b21b0\" data-element_type=\"widget\" data-widget_type=\"text-editor.default\">\n\t\t\t\t<div class=\"elementor-widget-container\">\n\t\t\t\t\t\t\t\t\t<p>RICHTLINIE 2014\/26\/EU DES EUROP\u00c4ISCHEN PARLAMENTS UND DES RATES vom 26. Februar 2014 \u00fcber die kollektive Wahrnehmung von Urheberrechten und verwandten Schutzrechten und die Vergabe von Mehrgebietslizenzen f\u00fcr Rechte an Musikwerken f\u00fcr die Online-Nutzung im Binnenmarkt <span style=\"text-decoration: underline;\"><a href=\"https:\/\/eur-lex.europa.eu\/legal-content\/FR\/ALL\/?uri=CELEX:32014L0026\" target=\"_blank\" rel=\"noopener\">hier<\/a><\/span><\/p>\n<p>RICHTLINIE (EU) 2019\/790 DES EUROP\u00c4ISCHEN PARLAMENTS UND DES RATES vom 17. April 2019 \u00fcber das Urheberrecht und verwandte Schutzrechte im digitalen Binnenmarkt und zur \u00c4nderung der Richtlinie 96\/9\/EG und der Richtlinie 2001\/29\/EG <a href=\"https:\/\/eur-lex.europa.eu\/legal-content\/FR\/TXT\/?uri=celex:32019L0790\" target=\"_blank\" rel=\"noopener\"><span style=\"text-decoration: underline;\">hier<\/span><\/a><\/p>\n\t\t\t\t\t\t\t\t<\/div>\n\t\t\t\t<\/div>\n\t\t\t\t<\/div>\n\t\t\t\t<\/div>\n\t\t<div class=\"elementor-element elementor-element-66ae391 e-con-full e-flex e-con e-parent\" data-id=\"66ae391\" data-element_type=\"container\" data-settings=\"{&quot;background_background&quot;:&quot;classic&quot;}\">\n\t\t<div class=\"elementor-element elementor-element-bfb418d e-con-full e-flex e-con e-child\" data-id=\"bfb418d\" data-element_type=\"container\">\n\t\t\t\t<div class=\"elementor-element elementor-element-464ae53 elementor-widget elementor-widget-heading\" data-id=\"464ae53\" data-element_type=\"widget\" data-widget_type=\"heading.default\">\n\t\t\t\t<div class=\"elementor-widget-container\">\n\t\t\t\t\t<h2 class=\"elementor-heading-title elementor-size-default\">Berner Konvention<\/h2>\t\t\t\t<\/div>\n\t\t\t\t<\/div>\n\t\t\t\t<div class=\"elementor-element elementor-element-b5dd5e9 elementor-widget elementor-widget-text-editor\" data-id=\"b5dd5e9\" data-element_type=\"widget\" data-widget_type=\"text-editor.default\">\n\t\t\t\t<div class=\"elementor-widget-container\">\n\t\t\t\t\t\t\t\t\t<p>Die Berner \u00dcbereinkunft zum Schutz von Werken der Literatur und Kunst, die &#8222;Matrix des Vertragsrechts&#8220;, die am 9. September 1886 unterzeichnet wurde, ist ein internationales Rechtsinstrument zum Schutz von Werken und den damit verbundenen Urheberrechten. <span style=\"text-decoration: underline;\"><a href=\"https:\/\/www.luxorr.lu\/wp-content\/uploads\/2024\/01\/maj-012024-convention-de-berne-fr.pdf\" target=\"_blank\" rel=\"noopener\">hier<\/a><\/span><\/p>\n\t\t\t\t\t\t\t\t<\/div>\n\t\t\t\t<\/div>\n\t\t\t\t<\/div>\n\t\t\t\t<\/div>\n\t\t<div class=\"elementor-element elementor-element-2c3e2d61 e-con-full e-flex e-con e-parent\" data-id=\"2c3e2d61\" data-element_type=\"container\" data-settings=\"{&quot;background_background&quot;:&quot;classic&quot;}\">\n\t\t<div class=\"elementor-element elementor-element-479bf4fc e-flex e-con-boxed e-con e-child\" data-id=\"479bf4fc\" data-element_type=\"container\">\n\t\t\t\t\t<div class=\"e-con-inner\">\n\t\t<div class=\"elementor-element elementor-element-45aa6dbf e-flex e-con-boxed e-con e-child\" data-id=\"45aa6dbf\" data-element_type=\"container\">\n\t\t\t\t\t<div class=\"e-con-inner\">\n\t\t\t\t<div class=\"elementor-element elementor-element-74534fbd elementor-widget elementor-widget-image\" data-id=\"74534fbd\" data-element_type=\"widget\" data-settings=\"{&quot;_animation&quot;:&quot;none&quot;}\" data-widget_type=\"image.default\">\n\t\t\t\t<div class=\"elementor-widget-container\">\n\t\t\t\t\t\t\t\t\t\t\t\t\t\t\t<img fetchpriority=\"high\" decoding=\"async\" width=\"633\" height=\"494\" src=\"https:\/\/www.luxorr.lu\/wp-content\/uploads\/2023\/08\/Luxorr-BG.png\" class=\"attachment-large size-large wp-image-1491\" alt=\"\" srcset=\"https:\/\/www.luxorr.lu\/wp-content\/uploads\/2023\/08\/Luxorr-BG.png 633w, https:\/\/www.luxorr.lu\/wp-content\/uploads\/2023\/08\/Luxorr-BG-300x234.png 300w\" sizes=\"(max-width: 633px) 100vw, 633px\" \/>\t\t\t\t\t\t\t\t\t\t\t\t\t\t\t<\/div>\n\t\t\t\t<\/div>\n\t\t\t\t\t<\/div>\n\t\t\t\t<\/div>\n\t\t<div class=\"elementor-element elementor-element-3d2179a2 e-flex e-con-boxed e-con e-child\" data-id=\"3d2179a2\" data-element_type=\"container\">\n\t\t\t\t\t<div class=\"e-con-inner\">\n\t\t\t\t<div class=\"elementor-element elementor-element-5344b98b elementor-widget elementor-widget-heading\" data-id=\"5344b98b\" data-element_type=\"widget\" data-widget_type=\"heading.default\">\n\t\t\t\t<div class=\"elementor-widget-container\">\n\t\t\t\t\t<h2 class=\"elementor-heading-title elementor-size-default\">M\u00f6chten Sie mehr \u00fcber unsere Expertise erfahren?<\/h2>\t\t\t\t<\/div>\n\t\t\t\t<\/div>\n\t\t\t\t<div class=\"elementor-element elementor-element-6ab7e031 elementor-widget elementor-widget-text-editor\" data-id=\"6ab7e031\" data-element_type=\"widget\" data-widget_type=\"text-editor.default\">\n\t\t\t\t<div class=\"elementor-widget-container\">\n\t\t\t\t\t\t\t\t\t<div class=\"elementor-element elementor-element-c8f3a70 elementor-widget elementor-widget-text-editor\" data-id=\"c8f3a70\" data-element_type=\"widget\" data-widget_type=\"text-editor.default\">\n<div class=\"elementor-widget-container\">\n<p>Schicken Sie uns eine Nachricht!<\/p>\n<p>Unser Team freut sich darauf, Ihnen so schnell wie m\u00f6glich zu antworten.<\/p>\n<\/div>\n<\/div>\n\t\t\t\t\t\t\t\t<\/div>\n\t\t\t\t<\/div>\n\t\t\t\t<div class=\"elementor-element elementor-element-433502b3 elementor-align-left elementor-widget elementor-widget-button\" data-id=\"433502b3\" data-element_type=\"widget\" data-widget_type=\"button.default\">\n\t\t\t\t<div class=\"elementor-widget-container\">\n\t\t\t\t\t\t\t\t\t<div class=\"elementor-button-wrapper\">\n\t\t\t\t\t<a class=\"elementor-button elementor-button-link elementor-size-sm\" href=\"https:\/\/www.luxorr.lu\/de\/kontakt\/\">\n\t\t\t\t\t\t<span class=\"elementor-button-content-wrapper\">\n\t\t\t\t\t\t<span class=\"elementor-button-icon\">\n\t\t\t\t<svg aria-hidden=\"true\" class=\"e-font-icon-svg e-fas-arrow-right\" viewBox=\"0 0 448 512\" xmlns=\"http:\/\/www.w3.org\/2000\/svg\"><path d=\"M190.5 66.9l22.2-22.2c9.4-9.4 24.6-9.4 33.9 0L441 239c9.4 9.4 9.4 24.6 0 33.9L246.6 467.3c-9.4 9.4-24.6 9.4-33.9 0l-22.2-22.2c-9.5-9.5-9.3-25 .4-34.3L311.4 296H24c-13.3 0-24-10.7-24-24v-32c0-13.3 10.7-24 24-24h287.4L190.9 101.2c-9.8-9.3-10-24.8-.4-34.3z\"><\/path><\/svg>\t\t\t<\/span>\n\t\t\t\t\t\t\t\t\t<span class=\"elementor-button-text\">Kontaktieren Sie uns<\/span>\n\t\t\t\t\t<\/span>\n\t\t\t\t\t<\/a>\n\t\t\t\t<\/div>\n\t\t\t\t\t\t\t\t<\/div>\n\t\t\t\t<\/div>\n\t\t\t\t\t<\/div>\n\t\t\t\t<\/div>\n\t\t\t\t\t<\/div>\n\t\t\t\t<\/div>\n\t\t\t\t<\/div>\n\t\t\t\t<\/div>\n\t\t","protected":false},"excerpt":{"rendered":"<p>Gesetze Gesetz vom 18. April 2001 \u00fcber Urheberrechte, verwandte Schutzrechte und Datenbanken. hier Gesetz vom 18. April 2004 zur \u00c4nderung: 1) das Gesetz vom 18. April 2001 \u00fcber Urheberrechte, verwandte Schutzrechte und Datenbanken und 2) das ge\u00e4nderte Gesetz vom 20. Juli 1992 zur \u00c4nderung der Regelung f\u00fcr Erfindungspatente. hier Gesetz vom 22. Mai 2009 zur [&hellip;]<\/p>\n","protected":false},"author":1,"featured_media":0,"parent":1662,"menu_order":0,"comment_status":"closed","ping_status":"closed","template":"elementor_header_footer","meta":{"footnotes":""},"class_list":["post-1630","page","type-page","status-publish","hentry"],"yoast_head":"<!-- This site is optimized with the Yoast SEO plugin v26.3 - https:\/\/yoast.com\/wordpress\/plugins\/seo\/ -->\n<title>Gesetzestexte - Luxorr<\/title>\n<meta name=\"description\" content=\"Durchsuchen Sie die Gesetzestexte, die sich auf unsere T\u00e4tigkeit beziehen.\" \/>\n<meta name=\"robots\" content=\"index, follow, max-snippet:-1, max-image-preview:large, max-video-preview:-1\" \/>\n<link rel=\"canonical\" href=\"https:\/\/www.luxorr.lu\/de\/dienste\/gesetzestexte\/\" \/>\n<meta property=\"og:locale\" content=\"de_DE\" \/>\n<meta property=\"og:type\" content=\"article\" \/>\n<meta property=\"og:title\" content=\"Gesetzestexte - Luxorr\" \/>\n<meta property=\"og:description\" content=\"Durchsuchen Sie die Gesetzestexte, die sich auf unsere T\u00e4tigkeit beziehen.\" \/>\n<meta property=\"og:url\" content=\"https:\/\/www.luxorr.lu\/de\/dienste\/gesetzestexte\/\" \/>\n<meta property=\"og:site_name\" content=\"Luxorr\" \/>\n<meta property=\"article:modified_time\" content=\"2024-07-09T08:49:08+00:00\" \/>\n<meta property=\"og:image\" content=\"https:\/\/www.luxorr.lu\/wp-content\/uploads\/2023\/08\/Luxorr-BG.png\" \/>\n<meta name=\"twitter:card\" content=\"summary_large_image\" \/>\n<meta name=\"twitter:label1\" content=\"Gesch\u00e4tzte Lesezeit\" \/>\n\t<meta name=\"twitter:data1\" content=\"4\u00a0Minuten\" \/>\n<script type=\"application\/ld+json\" class=\"yoast-schema-graph\">{\"@context\":\"https:\/\/schema.org\",\"@graph\":[{\"@type\":\"WebPage\",\"@id\":\"https:\/\/www.luxorr.lu\/de\/dienste\/gesetzestexte\/\",\"url\":\"https:\/\/www.luxorr.lu\/de\/dienste\/gesetzestexte\/\",\"name\":\"Gesetzestexte - Luxorr\",\"isPartOf\":{\"@id\":\"https:\/\/www.luxorr.lu\/de\/#website\"},\"primaryImageOfPage\":{\"@id\":\"https:\/\/www.luxorr.lu\/de\/dienste\/gesetzestexte\/#primaryimage\"},\"image\":{\"@id\":\"https:\/\/www.luxorr.lu\/de\/dienste\/gesetzestexte\/#primaryimage\"},\"thumbnailUrl\":\"https:\/\/www.luxorr.lu\/wp-content\/uploads\/2023\/08\/Luxorr-BG.png\",\"datePublished\":\"2023-11-08T21:40:18+00:00\",\"dateModified\":\"2024-07-09T08:49:08+00:00\",\"description\":\"Durchsuchen Sie die Gesetzestexte, die sich auf unsere T\u00e4tigkeit beziehen.\",\"breadcrumb\":{\"@id\":\"https:\/\/www.luxorr.lu\/de\/dienste\/gesetzestexte\/#breadcrumb\"},\"inLanguage\":\"de\",\"potentialAction\":[{\"@type\":\"ReadAction\",\"target\":[\"https:\/\/www.luxorr.lu\/de\/dienste\/gesetzestexte\/\"]}]},{\"@type\":\"ImageObject\",\"inLanguage\":\"de\",\"@id\":\"https:\/\/www.luxorr.lu\/de\/dienste\/gesetzestexte\/#primaryimage\",\"url\":\"https:\/\/www.luxorr.lu\/wp-content\/uploads\/2023\/08\/Luxorr-BG.png\",\"contentUrl\":\"https:\/\/www.luxorr.lu\/wp-content\/uploads\/2023\/08\/Luxorr-BG.png\"},{\"@type\":\"BreadcrumbList\",\"@id\":\"https:\/\/www.luxorr.lu\/de\/dienste\/gesetzestexte\/#breadcrumb\",\"itemListElement\":[{\"@type\":\"ListItem\",\"position\":1,\"name\":\"Accueil\",\"item\":\"https:\/\/www.luxorr.lu\/de\/homepage\/\"},{\"@type\":\"ListItem\",\"position\":2,\"name\":\"Dienste\",\"item\":\"https:\/\/www.luxorr.lu\/de\/dienste\/\"},{\"@type\":\"ListItem\",\"position\":3,\"name\":\"Gesetzestexte\"}]},{\"@type\":\"WebSite\",\"@id\":\"https:\/\/www.luxorr.lu\/de\/#website\",\"url\":\"https:\/\/www.luxorr.lu\/de\/\",\"name\":\"Luxorr\",\"description\":\"Luxembourg Organization For Reproduction Rights - ASBL\",\"publisher\":{\"@id\":\"https:\/\/www.luxorr.lu\/de\/#organization\"},\"potentialAction\":[{\"@type\":\"SearchAction\",\"target\":{\"@type\":\"EntryPoint\",\"urlTemplate\":\"https:\/\/www.luxorr.lu\/de\/?s={search_term_string}\"},\"query-input\":{\"@type\":\"PropertyValueSpecification\",\"valueRequired\":true,\"valueName\":\"search_term_string\"}}],\"inLanguage\":\"de\"},{\"@type\":\"Organization\",\"@id\":\"https:\/\/www.luxorr.lu\/de\/#organization\",\"name\":\"Luxorr\",\"url\":\"https:\/\/www.luxorr.lu\/de\/\",\"logo\":{\"@type\":\"ImageObject\",\"inLanguage\":\"de\",\"@id\":\"https:\/\/www.luxorr.lu\/de\/#\/schema\/logo\/image\/\",\"url\":\"https:\/\/www.luxorr.lu\/wp-content\/uploads\/2023\/08\/Luxorr-Logo.svg\",\"contentUrl\":\"https:\/\/www.luxorr.lu\/wp-content\/uploads\/2023\/08\/Luxorr-Logo.svg\",\"width\":327,\"height\":83,\"caption\":\"Luxorr\"},\"image\":{\"@id\":\"https:\/\/www.luxorr.lu\/de\/#\/schema\/logo\/image\/\"}}]}<\/script>\n<!-- \/ Yoast SEO plugin. -->","yoast_head_json":{"title":"Gesetzestexte - Luxorr","description":"Durchsuchen Sie die Gesetzestexte, die sich auf unsere T\u00e4tigkeit beziehen.","robots":{"index":"index","follow":"follow","max-snippet":"max-snippet:-1","max-image-preview":"max-image-preview:large","max-video-preview":"max-video-preview:-1"},"canonical":"https:\/\/www.luxorr.lu\/de\/dienste\/gesetzestexte\/","og_locale":"de_DE","og_type":"article","og_title":"Gesetzestexte - Luxorr","og_description":"Durchsuchen Sie die Gesetzestexte, die sich auf unsere T\u00e4tigkeit beziehen.","og_url":"https:\/\/www.luxorr.lu\/de\/dienste\/gesetzestexte\/","og_site_name":"Luxorr","article_modified_time":"2024-07-09T08:49:08+00:00","og_image":[{"url":"https:\/\/www.luxorr.lu\/wp-content\/uploads\/2023\/08\/Luxorr-BG.png","type":"","width":"","height":""}],"twitter_card":"summary_large_image","twitter_misc":{"Gesch\u00e4tzte Lesezeit":"4\u00a0Minuten"},"schema":{"@context":"https:\/\/schema.org","@graph":[{"@type":"WebPage","@id":"https:\/\/www.luxorr.lu\/de\/dienste\/gesetzestexte\/","url":"https:\/\/www.luxorr.lu\/de\/dienste\/gesetzestexte\/","name":"Gesetzestexte - Luxorr","isPartOf":{"@id":"https:\/\/www.luxorr.lu\/de\/#website"},"primaryImageOfPage":{"@id":"https:\/\/www.luxorr.lu\/de\/dienste\/gesetzestexte\/#primaryimage"},"image":{"@id":"https:\/\/www.luxorr.lu\/de\/dienste\/gesetzestexte\/#primaryimage"},"thumbnailUrl":"https:\/\/www.luxorr.lu\/wp-content\/uploads\/2023\/08\/Luxorr-BG.png","datePublished":"2023-11-08T21:40:18+00:00","dateModified":"2024-07-09T08:49:08+00:00","description":"Durchsuchen Sie die Gesetzestexte, die sich auf unsere T\u00e4tigkeit beziehen.","breadcrumb":{"@id":"https:\/\/www.luxorr.lu\/de\/dienste\/gesetzestexte\/#breadcrumb"},"inLanguage":"de","potentialAction":[{"@type":"ReadAction","target":["https:\/\/www.luxorr.lu\/de\/dienste\/gesetzestexte\/"]}]},{"@type":"ImageObject","inLanguage":"de","@id":"https:\/\/www.luxorr.lu\/de\/dienste\/gesetzestexte\/#primaryimage","url":"https:\/\/www.luxorr.lu\/wp-content\/uploads\/2023\/08\/Luxorr-BG.png","contentUrl":"https:\/\/www.luxorr.lu\/wp-content\/uploads\/2023\/08\/Luxorr-BG.png"},{"@type":"BreadcrumbList","@id":"https:\/\/www.luxorr.lu\/de\/dienste\/gesetzestexte\/#breadcrumb","itemListElement":[{"@type":"ListItem","position":1,"name":"Accueil","item":"https:\/\/www.luxorr.lu\/de\/homepage\/"},{"@type":"ListItem","position":2,"name":"Dienste","item":"https:\/\/www.luxorr.lu\/de\/dienste\/"},{"@type":"ListItem","position":3,"name":"Gesetzestexte"}]},{"@type":"WebSite","@id":"https:\/\/www.luxorr.lu\/de\/#website","url":"https:\/\/www.luxorr.lu\/de\/","name":"Luxorr","description":"Luxembourg Organization For Reproduction Rights - ASBL","publisher":{"@id":"https:\/\/www.luxorr.lu\/de\/#organization"},"potentialAction":[{"@type":"SearchAction","target":{"@type":"EntryPoint","urlTemplate":"https:\/\/www.luxorr.lu\/de\/?s={search_term_string}"},"query-input":{"@type":"PropertyValueSpecification","valueRequired":true,"valueName":"search_term_string"}}],"inLanguage":"de"},{"@type":"Organization","@id":"https:\/\/www.luxorr.lu\/de\/#organization","name":"Luxorr","url":"https:\/\/www.luxorr.lu\/de\/","logo":{"@type":"ImageObject","inLanguage":"de","@id":"https:\/\/www.luxorr.lu\/de\/#\/schema\/logo\/image\/","url":"https:\/\/www.luxorr.lu\/wp-content\/uploads\/2023\/08\/Luxorr-Logo.svg","contentUrl":"https:\/\/www.luxorr.lu\/wp-content\/uploads\/2023\/08\/Luxorr-Logo.svg","width":327,"height":83,"caption":"Luxorr"},"image":{"@id":"https:\/\/www.luxorr.lu\/de\/#\/schema\/logo\/image\/"}}]}},"_links":{"self":[{"href":"https:\/\/www.luxorr.lu\/de\/wp-json\/wp\/v2\/pages\/1630","targetHints":{"allow":["GET"]}}],"collection":[{"href":"https:\/\/www.luxorr.lu\/de\/wp-json\/wp\/v2\/pages"}],"about":[{"href":"https:\/\/www.luxorr.lu\/de\/wp-json\/wp\/v2\/types\/page"}],"author":[{"embeddable":true,"href":"https:\/\/www.luxorr.lu\/de\/wp-json\/wp\/v2\/users\/1"}],"replies":[{"embeddable":true,"href":"https:\/\/www.luxorr.lu\/de\/wp-json\/wp\/v2\/comments?post=1630"}],"version-history":[{"count":10,"href":"https:\/\/www.luxorr.lu\/de\/wp-json\/wp\/v2\/pages\/1630\/revisions"}],"predecessor-version":[{"id":1897,"href":"https:\/\/www.luxorr.lu\/de\/wp-json\/wp\/v2\/pages\/1630\/revisions\/1897"}],"up":[{"embeddable":true,"href":"https:\/\/www.luxorr.lu\/de\/wp-json\/wp\/v2\/pages\/1662"}],"wp:attachment":[{"href":"https:\/\/www.luxorr.lu\/de\/wp-json\/wp\/v2\/media?parent=1630"}],"curies":[{"name":"wp","href":"https:\/\/api.w.org\/{rel}","templated":true}]}}