{"id":1603,"date":"2023-11-08T23:39:59","date_gmt":"2023-11-08T21:39:59","guid":{"rendered":"https:\/\/www.luxorr.lu\/glossar\/"},"modified":"2023-12-16T20:05:33","modified_gmt":"2023-12-16T18:05:33","slug":"glossar","status":"publish","type":"page","link":"https:\/\/www.luxorr.lu\/de\/dienste\/glossar\/","title":{"rendered":"Glossar"},"content":{"rendered":"\t\t<div data-elementor-type=\"wp-page\" data-elementor-id=\"1603\" class=\"elementor elementor-1603 elementor-1069\" data-elementor-post-type=\"page\">\n\t\t\t\t<div class=\"elementor-element elementor-element-19789cf1 e-con-full e-flex e-con e-parent\" data-id=\"19789cf1\" data-element_type=\"container\" data-settings=\"{&quot;background_background&quot;:&quot;classic&quot;}\">\n\t\t\t\t<\/div>\n\t\t<div class=\"elementor-element elementor-element-22a0b96 e-con-full e-flex e-con e-parent\" data-id=\"22a0b96\" data-element_type=\"container\" data-settings=\"{&quot;background_background&quot;:&quot;classic&quot;}\">\n\t\t<div class=\"elementor-element elementor-element-73d9ff0 e-con-full e-flex e-con e-child\" data-id=\"73d9ff0\" data-element_type=\"container\">\n\t\t\t\t<div class=\"elementor-element elementor-element-15f85eb elementor-widget elementor-widget-text-editor\" data-id=\"15f85eb\" data-element_type=\"widget\" data-widget_type=\"text-editor.default\">\n\t\t\t\t<div class=\"elementor-widget-container\">\n\t\t\t\t\t\t\t\t\t<p><strong>Autor<\/strong><\/p>\n<p>Begriff, der die nat\u00fcrliche Person bezeichnet, die ein Werk schafft. Die Urheberschaft liegt, vorbehaltlich des Gegenbeweises, bei dem oder denjenigen, unter deren Namen das Werk offengelegt wird.<\/p>\n<\/p>\n<p><strong>Anspruchsberechtigter<\/strong><\/p>\n<p>Im juristischen Sinne eine Person (z. B. Verleger, Erbe), die ein Recht von einer anderen Person, dem Urheber, hat.<\/p>\n<p>Der Begriff Anspruchsberechtigte wird \u00fcblicherweise f\u00fcr alle Urheber, ihre Erben und Verleger verwendet.<\/p>\n<\/p>\n<p><strong>Co-Autor<\/strong><\/p>\n<p>Ein Mitautor ist eine Person, die gemeinsam mit einem oder mehreren anderen ein literarisches, k\u00fcnstlerisches&#8230;<\/p>\n<\/p>\n<p><strong>Herausgeber<\/strong><\/p>\n<p>Der Herausgeber wird als die Person oder Gesellschaft definiert, die gewerbsm\u00e4\u00dfig oder nicht gewerbsm\u00e4\u00dfig einen Online-Kommunikationsdienst &#8222;herausgibt&#8220;, d. h. die Inhalte bestimmt, die der \u00d6ffentlichkeit \u00fcber den von ihr geschaffenen Dienst zur Verf\u00fcgung gestellt werden. Der Verleger ist der Vermittler von Inhalten zwischen einem Autor und einem Leser.<\/p>\n<\/p>\n<p><strong>Autor-Verleger<\/strong><\/p>\n<p>Beim Selbstverlag l\u00e4sst ein Autor seine eigenen Werke von einem Verleger herausgeben, der nur den technischen Teil der Herausgabe und des Vertriebs \u00fcbernimmt und nicht die eigentliche verlegerische Auswahl trifft. Der Autor zahlt also die Kosten f\u00fcr den Druck und die Werbung f\u00fcr sein Buch.<\/p>\n<\/p>\n<p><strong>Reprographie<\/strong><\/p>\n<p>Ein Sammelbegriff f\u00fcr technische Methoden zur Vervielf\u00e4ltigung von Inhalten auf gedruckten Medien.<\/p>\n<\/p>\n<p><strong>Scannen<\/strong><\/p>\n<p>\u00dcbertragung von Inhalten von einer physischen Version in ein digitales Format. Ersetzen von Papier durch eine immaterielle, elektronische Datei.<\/p>\n<\/p>\n<p><strong>Zitate<\/strong><\/p>\n<p>Laut Gesetz sind folgende Zitate erlaubt: &#8222;Kurze Zitate im Original oder in \u00dcbersetzung, die durch den kritischen, polemischen, p\u00e4dagogischen, wissenschaftlichen oder informativen Charakter des Werkes, in das sie eingebunden sind, gerechtfertigt sind&#8220;. Das Zitatrecht darf nur in einer Weise ausge\u00fcbt werden, die den guten Gepflogenheiten entspricht, nicht auf Gewinn ausgerichtet ist, durch den verfolgten Zweck gerechtfertigt ist und weder &#8218; Werk noch seine Nutzung beeintr\u00e4chtigt. Der Name des Urhebers und der Titel des vervielf\u00e4ltigten oder zitierten Werks m\u00fcssen angegeben werden, wenn sie in der Quelle enthalten sind.<\/p>\n<\/p>\n<p><strong>Verzeichnis<\/strong><\/p>\n<p>Das Luxorr-Verzeichnis ist ein Register der gesch\u00fctzten Werke unserer Mitglieder, f\u00fcr die Luxorr das Mandat hat, die Urheberrechte zu verwalten.<\/p>\n\t\t\t\t\t\t\t\t<\/div>\n\t\t\t\t<\/div>\n\t\t\t\t<\/div>\n\t\t\t\t<\/div>\n\t\t<div class=\"elementor-element elementor-element-1ab352b2 e-con-full e-flex e-con e-parent\" data-id=\"1ab352b2\" data-element_type=\"container\" data-settings=\"{&quot;background_background&quot;:&quot;classic&quot;}\">\n\t\t<div class=\"elementor-element elementor-element-58efd3ba e-flex e-con-boxed e-con e-child\" data-id=\"58efd3ba\" data-element_type=\"container\">\n\t\t\t\t\t<div class=\"e-con-inner\">\n\t\t<div class=\"elementor-element elementor-element-7abb9dac e-flex e-con-boxed e-con e-child\" data-id=\"7abb9dac\" data-element_type=\"container\">\n\t\t\t\t\t<div class=\"e-con-inner\">\n\t\t\t\t<div class=\"elementor-element elementor-element-1eef8196 elementor-widget elementor-widget-image\" data-id=\"1eef8196\" data-element_type=\"widget\" data-settings=\"{&quot;_animation&quot;:&quot;none&quot;}\" data-widget_type=\"image.default\">\n\t\t\t\t<div class=\"elementor-widget-container\">\n\t\t\t\t\t\t\t\t\t\t\t\t\t\t\t<img fetchpriority=\"high\" decoding=\"async\" width=\"633\" height=\"494\" src=\"https:\/\/www.luxorr.lu\/wp-content\/uploads\/2023\/08\/Luxorr-BG.png\" class=\"attachment-large size-large wp-image-1491\" alt=\"\" srcset=\"https:\/\/www.luxorr.lu\/wp-content\/uploads\/2023\/08\/Luxorr-BG.png 633w, https:\/\/www.luxorr.lu\/wp-content\/uploads\/2023\/08\/Luxorr-BG-300x234.png 300w\" sizes=\"(max-width: 633px) 100vw, 633px\" \/>\t\t\t\t\t\t\t\t\t\t\t\t\t\t\t<\/div>\n\t\t\t\t<\/div>\n\t\t\t\t\t<\/div>\n\t\t\t\t<\/div>\n\t\t<div class=\"elementor-element elementor-element-7157e298 e-flex e-con-boxed e-con e-child\" data-id=\"7157e298\" data-element_type=\"container\">\n\t\t\t\t\t<div class=\"e-con-inner\">\n\t\t\t\t<div class=\"elementor-element elementor-element-16da15f1 elementor-widget elementor-widget-heading\" data-id=\"16da15f1\" data-element_type=\"widget\" data-widget_type=\"heading.default\">\n\t\t\t\t<div class=\"elementor-widget-container\">\n\t\t\t\t\t<h2 class=\"elementor-heading-title elementor-size-default\">M\u00f6chten Sie mehr \u00fcber unsere Expertise erfahren?<\/h2>\t\t\t\t<\/div>\n\t\t\t\t<\/div>\n\t\t\t\t<div class=\"elementor-element elementor-element-43955e12 elementor-widget elementor-widget-text-editor\" data-id=\"43955e12\" data-element_type=\"widget\" data-widget_type=\"text-editor.default\">\n\t\t\t\t<div class=\"elementor-widget-container\">\n\t\t\t\t\t\t\t\t\t<div class=\"elementor-element elementor-element-c8f3a70 elementor-widget elementor-widget-text-editor\" data-id=\"c8f3a70\" data-element_type=\"widget\" data-widget_type=\"text-editor.default\">\n<div class=\"elementor-widget-container\">\n<p>Schicken Sie uns eine Nachricht!<\/p>\n<p>Unser Team freut sich darauf, Ihnen so schnell wie m\u00f6glich zu antworten.<\/p>\n<\/div>\n<\/div>\n\t\t\t\t\t\t\t\t<\/div>\n\t\t\t\t<\/div>\n\t\t\t\t<div class=\"elementor-element elementor-element-7630c28e elementor-align-left elementor-widget elementor-widget-button\" data-id=\"7630c28e\" data-element_type=\"widget\" data-widget_type=\"button.default\">\n\t\t\t\t<div class=\"elementor-widget-container\">\n\t\t\t\t\t\t\t\t\t<div class=\"elementor-button-wrapper\">\n\t\t\t\t\t<a class=\"elementor-button elementor-button-link elementor-size-sm\" href=\"https:\/\/www.luxorr.lu\/de\/kontakt\/\">\n\t\t\t\t\t\t<span class=\"elementor-button-content-wrapper\">\n\t\t\t\t\t\t<span class=\"elementor-button-icon\">\n\t\t\t\t<svg aria-hidden=\"true\" class=\"e-font-icon-svg e-fas-arrow-right\" viewBox=\"0 0 448 512\" xmlns=\"http:\/\/www.w3.org\/2000\/svg\"><path d=\"M190.5 66.9l22.2-22.2c9.4-9.4 24.6-9.4 33.9 0L441 239c9.4 9.4 9.4 24.6 0 33.9L246.6 467.3c-9.4 9.4-24.6 9.4-33.9 0l-22.2-22.2c-9.5-9.5-9.3-25 .4-34.3L311.4 296H24c-13.3 0-24-10.7-24-24v-32c0-13.3 10.7-24 24-24h287.4L190.9 101.2c-9.8-9.3-10-24.8-.4-34.3z\"><\/path><\/svg>\t\t\t<\/span>\n\t\t\t\t\t\t\t\t\t<span class=\"elementor-button-text\">Kontaktieren Sie uns<\/span>\n\t\t\t\t\t<\/span>\n\t\t\t\t\t<\/a>\n\t\t\t\t<\/div>\n\t\t\t\t\t\t\t\t<\/div>\n\t\t\t\t<\/div>\n\t\t\t\t\t<\/div>\n\t\t\t\t<\/div>\n\t\t\t\t\t<\/div>\n\t\t\t\t<\/div>\n\t\t\t\t<\/div>\n\t\t\t\t<\/div>\n\t\t","protected":false},"excerpt":{"rendered":"<p>Autor Begriff, der die nat\u00fcrliche Person bezeichnet, die ein Werk schafft. Die Urheberschaft liegt, vorbehaltlich des Gegenbeweises, bei dem oder denjenigen, unter deren Namen das Werk offengelegt wird. Anspruchsberechtigter Im juristischen Sinne eine Person (z. B. Verleger, Erbe), die ein Recht von einer anderen Person, dem Urheber, hat. Der Begriff Anspruchsberechtigte wird \u00fcblicherweise f\u00fcr alle [&hellip;]<\/p>\n","protected":false},"author":1,"featured_media":0,"parent":1662,"menu_order":0,"comment_status":"closed","ping_status":"closed","template":"elementor_header_footer","meta":{"footnotes":""},"class_list":["post-1603","page","type-page","status-publish","hentry"],"yoast_head":"<!-- This site is optimized with the Yoast SEO plugin v26.3 - https:\/\/yoast.com\/wordpress\/plugins\/seo\/ -->\n<title>Glossar - Luxorr<\/title>\n<meta name=\"description\" content=\"Entdecken Sie das branchenspezifische Glossar. Eine Frage? Z\u00f6gern Sie nicht, uns zu kontaktieren.\" \/>\n<meta name=\"robots\" content=\"index, follow, max-snippet:-1, max-image-preview:large, max-video-preview:-1\" \/>\n<link rel=\"canonical\" href=\"https:\/\/www.luxorr.lu\/de\/dienste\/glossar\/\" \/>\n<meta property=\"og:locale\" content=\"de_DE\" \/>\n<meta property=\"og:type\" content=\"article\" \/>\n<meta property=\"og:title\" content=\"Glossar - Luxorr\" \/>\n<meta property=\"og:description\" content=\"Entdecken Sie das branchenspezifische Glossar. Eine Frage? Z\u00f6gern Sie nicht, uns zu kontaktieren.\" \/>\n<meta property=\"og:url\" content=\"https:\/\/www.luxorr.lu\/de\/dienste\/glossar\/\" \/>\n<meta property=\"og:site_name\" content=\"Luxorr\" \/>\n<meta property=\"article:modified_time\" content=\"2023-12-16T18:05:33+00:00\" \/>\n<meta property=\"og:image\" content=\"https:\/\/www.luxorr.lu\/wp-content\/uploads\/2023\/08\/Luxorr-BG.png\" \/>\n<meta name=\"twitter:card\" content=\"summary_large_image\" \/>\n<meta name=\"twitter:label1\" content=\"Gesch\u00e4tzte Lesezeit\" \/>\n\t<meta name=\"twitter:data1\" content=\"2\u00a0Minuten\" \/>\n<script type=\"application\/ld+json\" class=\"yoast-schema-graph\">{\"@context\":\"https:\/\/schema.org\",\"@graph\":[{\"@type\":\"WebPage\",\"@id\":\"https:\/\/www.luxorr.lu\/de\/dienste\/glossar\/\",\"url\":\"https:\/\/www.luxorr.lu\/de\/dienste\/glossar\/\",\"name\":\"Glossar - Luxorr\",\"isPartOf\":{\"@id\":\"https:\/\/www.luxorr.lu\/de\/#website\"},\"primaryImageOfPage\":{\"@id\":\"https:\/\/www.luxorr.lu\/de\/dienste\/glossar\/#primaryimage\"},\"image\":{\"@id\":\"https:\/\/www.luxorr.lu\/de\/dienste\/glossar\/#primaryimage\"},\"thumbnailUrl\":\"https:\/\/www.luxorr.lu\/wp-content\/uploads\/2023\/08\/Luxorr-BG.png\",\"datePublished\":\"2023-11-08T21:39:59+00:00\",\"dateModified\":\"2023-12-16T18:05:33+00:00\",\"description\":\"Entdecken Sie das branchenspezifische Glossar. Eine Frage? Z\u00f6gern Sie nicht, uns zu kontaktieren.\",\"breadcrumb\":{\"@id\":\"https:\/\/www.luxorr.lu\/de\/dienste\/glossar\/#breadcrumb\"},\"inLanguage\":\"de\",\"potentialAction\":[{\"@type\":\"ReadAction\",\"target\":[\"https:\/\/www.luxorr.lu\/de\/dienste\/glossar\/\"]}]},{\"@type\":\"ImageObject\",\"inLanguage\":\"de\",\"@id\":\"https:\/\/www.luxorr.lu\/de\/dienste\/glossar\/#primaryimage\",\"url\":\"https:\/\/www.luxorr.lu\/wp-content\/uploads\/2023\/08\/Luxorr-BG.png\",\"contentUrl\":\"https:\/\/www.luxorr.lu\/wp-content\/uploads\/2023\/08\/Luxorr-BG.png\"},{\"@type\":\"BreadcrumbList\",\"@id\":\"https:\/\/www.luxorr.lu\/de\/dienste\/glossar\/#breadcrumb\",\"itemListElement\":[{\"@type\":\"ListItem\",\"position\":1,\"name\":\"Accueil\",\"item\":\"https:\/\/www.luxorr.lu\/de\/homepage\/\"},{\"@type\":\"ListItem\",\"position\":2,\"name\":\"Dienste\",\"item\":\"https:\/\/www.luxorr.lu\/de\/dienste\/\"},{\"@type\":\"ListItem\",\"position\":3,\"name\":\"Glossar\"}]},{\"@type\":\"WebSite\",\"@id\":\"https:\/\/www.luxorr.lu\/de\/#website\",\"url\":\"https:\/\/www.luxorr.lu\/de\/\",\"name\":\"Luxorr\",\"description\":\"Luxembourg Organization For Reproduction Rights - ASBL\",\"publisher\":{\"@id\":\"https:\/\/www.luxorr.lu\/de\/#organization\"},\"potentialAction\":[{\"@type\":\"SearchAction\",\"target\":{\"@type\":\"EntryPoint\",\"urlTemplate\":\"https:\/\/www.luxorr.lu\/de\/?s={search_term_string}\"},\"query-input\":{\"@type\":\"PropertyValueSpecification\",\"valueRequired\":true,\"valueName\":\"search_term_string\"}}],\"inLanguage\":\"de\"},{\"@type\":\"Organization\",\"@id\":\"https:\/\/www.luxorr.lu\/de\/#organization\",\"name\":\"Luxorr\",\"url\":\"https:\/\/www.luxorr.lu\/de\/\",\"logo\":{\"@type\":\"ImageObject\",\"inLanguage\":\"de\",\"@id\":\"https:\/\/www.luxorr.lu\/de\/#\/schema\/logo\/image\/\",\"url\":\"https:\/\/www.luxorr.lu\/wp-content\/uploads\/2023\/08\/Luxorr-Logo.svg\",\"contentUrl\":\"https:\/\/www.luxorr.lu\/wp-content\/uploads\/2023\/08\/Luxorr-Logo.svg\",\"width\":327,\"height\":83,\"caption\":\"Luxorr\"},\"image\":{\"@id\":\"https:\/\/www.luxorr.lu\/de\/#\/schema\/logo\/image\/\"}}]}<\/script>\n<!-- \/ Yoast SEO plugin. -->","yoast_head_json":{"title":"Glossar - Luxorr","description":"Entdecken Sie das branchenspezifische Glossar. Eine Frage? Z\u00f6gern Sie nicht, uns zu kontaktieren.","robots":{"index":"index","follow":"follow","max-snippet":"max-snippet:-1","max-image-preview":"max-image-preview:large","max-video-preview":"max-video-preview:-1"},"canonical":"https:\/\/www.luxorr.lu\/de\/dienste\/glossar\/","og_locale":"de_DE","og_type":"article","og_title":"Glossar - Luxorr","og_description":"Entdecken Sie das branchenspezifische Glossar. Eine Frage? Z\u00f6gern Sie nicht, uns zu kontaktieren.","og_url":"https:\/\/www.luxorr.lu\/de\/dienste\/glossar\/","og_site_name":"Luxorr","article_modified_time":"2023-12-16T18:05:33+00:00","og_image":[{"url":"https:\/\/www.luxorr.lu\/wp-content\/uploads\/2023\/08\/Luxorr-BG.png","type":"","width":"","height":""}],"twitter_card":"summary_large_image","twitter_misc":{"Gesch\u00e4tzte Lesezeit":"2\u00a0Minuten"},"schema":{"@context":"https:\/\/schema.org","@graph":[{"@type":"WebPage","@id":"https:\/\/www.luxorr.lu\/de\/dienste\/glossar\/","url":"https:\/\/www.luxorr.lu\/de\/dienste\/glossar\/","name":"Glossar - Luxorr","isPartOf":{"@id":"https:\/\/www.luxorr.lu\/de\/#website"},"primaryImageOfPage":{"@id":"https:\/\/www.luxorr.lu\/de\/dienste\/glossar\/#primaryimage"},"image":{"@id":"https:\/\/www.luxorr.lu\/de\/dienste\/glossar\/#primaryimage"},"thumbnailUrl":"https:\/\/www.luxorr.lu\/wp-content\/uploads\/2023\/08\/Luxorr-BG.png","datePublished":"2023-11-08T21:39:59+00:00","dateModified":"2023-12-16T18:05:33+00:00","description":"Entdecken Sie das branchenspezifische Glossar. Eine Frage? Z\u00f6gern Sie nicht, uns zu kontaktieren.","breadcrumb":{"@id":"https:\/\/www.luxorr.lu\/de\/dienste\/glossar\/#breadcrumb"},"inLanguage":"de","potentialAction":[{"@type":"ReadAction","target":["https:\/\/www.luxorr.lu\/de\/dienste\/glossar\/"]}]},{"@type":"ImageObject","inLanguage":"de","@id":"https:\/\/www.luxorr.lu\/de\/dienste\/glossar\/#primaryimage","url":"https:\/\/www.luxorr.lu\/wp-content\/uploads\/2023\/08\/Luxorr-BG.png","contentUrl":"https:\/\/www.luxorr.lu\/wp-content\/uploads\/2023\/08\/Luxorr-BG.png"},{"@type":"BreadcrumbList","@id":"https:\/\/www.luxorr.lu\/de\/dienste\/glossar\/#breadcrumb","itemListElement":[{"@type":"ListItem","position":1,"name":"Accueil","item":"https:\/\/www.luxorr.lu\/de\/homepage\/"},{"@type":"ListItem","position":2,"name":"Dienste","item":"https:\/\/www.luxorr.lu\/de\/dienste\/"},{"@type":"ListItem","position":3,"name":"Glossar"}]},{"@type":"WebSite","@id":"https:\/\/www.luxorr.lu\/de\/#website","url":"https:\/\/www.luxorr.lu\/de\/","name":"Luxorr","description":"Luxembourg Organization For Reproduction Rights - ASBL","publisher":{"@id":"https:\/\/www.luxorr.lu\/de\/#organization"},"potentialAction":[{"@type":"SearchAction","target":{"@type":"EntryPoint","urlTemplate":"https:\/\/www.luxorr.lu\/de\/?s={search_term_string}"},"query-input":{"@type":"PropertyValueSpecification","valueRequired":true,"valueName":"search_term_string"}}],"inLanguage":"de"},{"@type":"Organization","@id":"https:\/\/www.luxorr.lu\/de\/#organization","name":"Luxorr","url":"https:\/\/www.luxorr.lu\/de\/","logo":{"@type":"ImageObject","inLanguage":"de","@id":"https:\/\/www.luxorr.lu\/de\/#\/schema\/logo\/image\/","url":"https:\/\/www.luxorr.lu\/wp-content\/uploads\/2023\/08\/Luxorr-Logo.svg","contentUrl":"https:\/\/www.luxorr.lu\/wp-content\/uploads\/2023\/08\/Luxorr-Logo.svg","width":327,"height":83,"caption":"Luxorr"},"image":{"@id":"https:\/\/www.luxorr.lu\/de\/#\/schema\/logo\/image\/"}}]}},"_links":{"self":[{"href":"https:\/\/www.luxorr.lu\/de\/wp-json\/wp\/v2\/pages\/1603","targetHints":{"allow":["GET"]}}],"collection":[{"href":"https:\/\/www.luxorr.lu\/de\/wp-json\/wp\/v2\/pages"}],"about":[{"href":"https:\/\/www.luxorr.lu\/de\/wp-json\/wp\/v2\/types\/page"}],"author":[{"embeddable":true,"href":"https:\/\/www.luxorr.lu\/de\/wp-json\/wp\/v2\/users\/1"}],"replies":[{"embeddable":true,"href":"https:\/\/www.luxorr.lu\/de\/wp-json\/wp\/v2\/comments?post=1603"}],"version-history":[{"count":2,"href":"https:\/\/www.luxorr.lu\/de\/wp-json\/wp\/v2\/pages\/1603\/revisions"}],"predecessor-version":[{"id":1620,"href":"https:\/\/www.luxorr.lu\/de\/wp-json\/wp\/v2\/pages\/1603\/revisions\/1620"}],"up":[{"embeddable":true,"href":"https:\/\/www.luxorr.lu\/de\/wp-json\/wp\/v2\/pages\/1662"}],"wp:attachment":[{"href":"https:\/\/www.luxorr.lu\/de\/wp-json\/wp\/v2\/media?parent=1603"}],"curies":[{"name":"wp","href":"https:\/\/api.w.org\/{rel}","templated":true}]}}